{"id":7,"date":"2023-07-17T05:47:26","date_gmt":"2023-07-17T05:47:26","guid":{"rendered":"https:\/\/yakar.pruebasquois.es\/?page_id=7"},"modified":"2024-12-12T16:26:10","modified_gmt":"2024-12-12T16:26:10","slug":"7-2","status":"publish","type":"page","link":"https:\/\/yakaratelier.com\/en\/","title":{"rendered":""},"content":{"rendered":"<div class=\"wp-block-cover aligncenter is-light has-parallax has-custom-content-position is-position-center-left sliderhome\" id=\"coleccion\"><span aria-hidden=\"true\" class=\"wp-block-cover__background has-background-dim-0 has-background-dim\" style=\"background-color:#b8b7b5\"><\/span><div class=\"wp-block-cover__image-background wp-image-2331 has-parallax\" style=\"background-position:50% 50%;background-image:url(https:\/\/yakaratelier.com\/wp-content\/uploads\/2024\/12\/Yakar-Atelier.png)\"><\/div><div class=\"wp-block-cover__inner-container is-layout-flow wp-block-cover-is-layout-flow\">\n<h1 class=\"slidertext\">New <span class=\"altfont\">collection<\/span><\/p>\n<\/div><\/div>\n\n\n\n<div style=\"height:15px\" aria-hidden=\"true\" class=\"wp-block-spacer\"><\/div>\n\n\n\n<div class=\"wp-block-columns botonescoleccion is-layout-flex wp-container-core-columns-is-layout-1 wp-block-columns-is-layout-flex\">\n<div class=\"wp-block-column is-layout-flow wp-block-column-is-layout-flow\">\n<div class=\"wp-block-cover is-light\" id=\"chalecos\"><span aria-hidden=\"true\" class=\"wp-block-cover__background has-background-dim-0 has-background-dim\" style=\"background-color:#958172\"><\/span><img loading=\"lazy\" decoding=\"async\" width=\"1809\" height=\"2560\" class=\"wp-block-cover__image-background wp-image-2342\" alt=\"Chaleco Cat\u00ed\" src=\"https:\/\/yakaratelier.com\/wp-content\/uploads\/2023\/07\/Chaleco-Cati-Principal-scaled.jpg\" style=\"object-position:55% 51%\" data-object-fit=\"cover\" data-object-position=\"55% 51%\" srcset=\"https:\/\/yakaratelier.com\/wp-content\/uploads\/2023\/07\/Chaleco-Cati-Principal-scaled.jpg 1809w, https:\/\/yakaratelier.com\/wp-content\/uploads\/2023\/07\/Chaleco-Cati-Principal-212x300.jpg 212w, https:\/\/yakaratelier.com\/wp-content\/uploads\/2023\/07\/Chaleco-Cati-Principal-723x1024.jpg 723w, https:\/\/yakaratelier.com\/wp-content\/uploads\/2023\/07\/Chaleco-Cati-Principal-768x1087.jpg 768w, https:\/\/yakaratelier.com\/wp-content\/uploads\/2023\/07\/Chaleco-Cati-Principal-1085x1536.jpg 1085w, https:\/\/yakaratelier.com\/wp-content\/uploads\/2023\/07\/Chaleco-Cati-Principal-1447x2048.jpg 1447w, https:\/\/yakaratelier.com\/wp-content\/uploads\/2023\/07\/Chaleco-Cati-Principal-8x12.jpg 8w, https:\/\/yakaratelier.com\/wp-content\/uploads\/2023\/07\/Chaleco-Cati-Principal-600x849.jpg 600w, https:\/\/yakaratelier.com\/wp-content\/uploads\/2023\/07\/Chaleco-Cati-Principal-706x1000.jpg 706w\" sizes=\"auto, (max-width: 1809px) 100vw, 1809px\" \/><div class=\"wp-block-cover__inner-container is-layout-flow wp-block-cover-is-layout-flow\">\n<h2 class=\"wp-block-heading has-text-align-left has-large-font-size\">Waiscoats<\/h2>\n<\/div><\/div>\n<\/div>\n\n\n\n<div class=\"wp-block-column is-layout-flow wp-block-column-is-layout-flow\">\n<div class=\"wp-block-cover\" id=\"abrigos\"><span aria-hidden=\"true\" class=\"wp-block-cover__background has-background-dim-0 has-background-dim\" style=\"background-color:#897866\"><\/span><img loading=\"lazy\" decoding=\"async\" width=\"800\" height=\"800\" class=\"wp-block-cover__image-background wp-image-2220\" alt=\"\" src=\"https:\/\/yakaratelier.com\/wp-content\/uploads\/2024\/06\/BACON-STUDIO-60-1.png\" data-object-fit=\"cover\" srcset=\"https:\/\/yakaratelier.com\/wp-content\/uploads\/2024\/06\/BACON-STUDIO-60-1.png 800w, https:\/\/yakaratelier.com\/wp-content\/uploads\/2024\/06\/BACON-STUDIO-60-1-300x300.png 300w, https:\/\/yakaratelier.com\/wp-content\/uploads\/2024\/06\/BACON-STUDIO-60-1-150x150.png 150w, https:\/\/yakaratelier.com\/wp-content\/uploads\/2024\/06\/BACON-STUDIO-60-1-768x768.png 768w, https:\/\/yakaratelier.com\/wp-content\/uploads\/2024\/06\/BACON-STUDIO-60-1-12x12.png 12w, https:\/\/yakaratelier.com\/wp-content\/uploads\/2024\/06\/BACON-STUDIO-60-1-600x600.png 600w, https:\/\/yakaratelier.com\/wp-content\/uploads\/2024\/06\/BACON-STUDIO-60-1-50x50.png 50w, https:\/\/yakaratelier.com\/wp-content\/uploads\/2024\/06\/BACON-STUDIO-60-1-100x100.png 100w\" sizes=\"auto, (max-width: 800px) 100vw, 800px\" \/><div class=\"wp-block-cover__inner-container is-layout-flow wp-block-cover-is-layout-flow\">\n<h2 class=\"wp-block-heading has-text-align-left has-large-font-size\">Coats<\/h2>\n<\/div><\/div>\n<\/div>\n\n\n\n<div class=\"wp-block-column is-layout-flow wp-block-column-is-layout-flow\">\n<div class=\"wp-block-cover is-light\" id=\"capas\"><span aria-hidden=\"true\" class=\"wp-block-cover__background has-background-dim-0 has-background-dim\" style=\"background-color:#8d806d\"><\/span><img loading=\"lazy\" decoding=\"async\" width=\"800\" height=\"800\" class=\"wp-block-cover__image-background wp-image-2219\" alt=\"\" src=\"https:\/\/yakaratelier.com\/wp-content\/uploads\/2024\/06\/BACON-STUDIO-38-2.png\" data-object-fit=\"cover\" srcset=\"https:\/\/yakaratelier.com\/wp-content\/uploads\/2024\/06\/BACON-STUDIO-38-2.png 800w, https:\/\/yakaratelier.com\/wp-content\/uploads\/2024\/06\/BACON-STUDIO-38-2-300x300.png 300w, https:\/\/yakaratelier.com\/wp-content\/uploads\/2024\/06\/BACON-STUDIO-38-2-150x150.png 150w, https:\/\/yakaratelier.com\/wp-content\/uploads\/2024\/06\/BACON-STUDIO-38-2-768x768.png 768w, https:\/\/yakaratelier.com\/wp-content\/uploads\/2024\/06\/BACON-STUDIO-38-2-12x12.png 12w, https:\/\/yakaratelier.com\/wp-content\/uploads\/2024\/06\/BACON-STUDIO-38-2-600x600.png 600w, https:\/\/yakaratelier.com\/wp-content\/uploads\/2024\/06\/BACON-STUDIO-38-2-50x50.png 50w, https:\/\/yakaratelier.com\/wp-content\/uploads\/2024\/06\/BACON-STUDIO-38-2-100x100.png 100w\" sizes=\"auto, (max-width: 800px) 100vw, 800px\" \/><div class=\"wp-block-cover__inner-container is-layout-flow wp-block-cover-is-layout-flow\">\n<h2 class=\"wp-block-heading has-text-align-left has-large-font-size\">Capes<\/h2>\n<\/div><\/div>\n<\/div>\n<\/div>\n\n\n\n<div class=\"wp-block-columns botonescoleccion is-layout-flex wp-container-core-columns-is-layout-2 wp-block-columns-is-layout-flex\">\n<div class=\"wp-block-column is-layout-flow wp-block-column-is-layout-flow\">\n<div class=\"wp-block-cover is-light\" id=\"pantalones\"><span aria-hidden=\"true\" class=\"wp-block-cover__background has-background-dim-0 has-background-dim\" style=\"background-color:#bbb3a8\"><\/span><img loading=\"lazy\" decoding=\"async\" width=\"1707\" height=\"2560\" class=\"wp-block-cover__image-background wp-image-3292\" alt=\"Pantal\u00f3n Biar\" src=\"https:\/\/yakaratelier.com\/wp-content\/uploads\/2024\/06\/Pantalon-Biar-Principal-scaled.jpg\" style=\"object-position:61% 71%\" data-object-fit=\"cover\" data-object-position=\"61% 71%\" srcset=\"https:\/\/yakaratelier.com\/wp-content\/uploads\/2024\/06\/Pantalon-Biar-Principal-scaled.jpg 1707w, https:\/\/yakaratelier.com\/wp-content\/uploads\/2024\/06\/Pantalon-Biar-Principal-200x300.jpg 200w, https:\/\/yakaratelier.com\/wp-content\/uploads\/2024\/06\/Pantalon-Biar-Principal-683x1024.jpg 683w, https:\/\/yakaratelier.com\/wp-content\/uploads\/2024\/06\/Pantalon-Biar-Principal-768x1152.jpg 768w, https:\/\/yakaratelier.com\/wp-content\/uploads\/2024\/06\/Pantalon-Biar-Principal-1024x1536.jpg 1024w, https:\/\/yakaratelier.com\/wp-content\/uploads\/2024\/06\/Pantalon-Biar-Principal-1365x2048.jpg 1365w, https:\/\/yakaratelier.com\/wp-content\/uploads\/2024\/06\/Pantalon-Biar-Principal-8x12.jpg 8w, https:\/\/yakaratelier.com\/wp-content\/uploads\/2024\/06\/Pantalon-Biar-Principal-600x900.jpg 600w, https:\/\/yakaratelier.com\/wp-content\/uploads\/2024\/06\/Pantalon-Biar-Principal-667x1000.jpg 667w\" sizes=\"auto, (max-width: 1707px) 100vw, 1707px\" \/><div class=\"wp-block-cover__inner-container is-layout-flow wp-block-cover-is-layout-flow\">\n<h2 class=\"wp-block-heading has-text-align-left has-large-font-size\">Pants<\/h2>\n<\/div><\/div>\n<\/div>\n\n\n\n<div class=\"wp-block-column is-layout-flow wp-block-column-is-layout-flow\">\n<div class=\"wp-block-cover is-light\" id=\"faldas\"><span aria-hidden=\"true\" class=\"wp-block-cover__background has-background-dim-0 has-background-dim\" style=\"background-color:#736c57\"><\/span><img loading=\"lazy\" decoding=\"async\" width=\"1658\" height=\"2560\" class=\"wp-block-cover__image-background wp-image-3296\" alt=\"Falda Sagra\" src=\"https:\/\/yakaratelier.com\/wp-content\/uploads\/2024\/06\/Falda-Sagra-Principal-2-scaled.jpg\" style=\"object-position:64% 53%\" data-object-fit=\"cover\" data-object-position=\"64% 53%\" srcset=\"https:\/\/yakaratelier.com\/wp-content\/uploads\/2024\/06\/Falda-Sagra-Principal-2-scaled.jpg 1658w, https:\/\/yakaratelier.com\/wp-content\/uploads\/2024\/06\/Falda-Sagra-Principal-2-194x300.jpg 194w, https:\/\/yakaratelier.com\/wp-content\/uploads\/2024\/06\/Falda-Sagra-Principal-2-663x1024.jpg 663w, https:\/\/yakaratelier.com\/wp-content\/uploads\/2024\/06\/Falda-Sagra-Principal-2-768x1186.jpg 768w, https:\/\/yakaratelier.com\/wp-content\/uploads\/2024\/06\/Falda-Sagra-Principal-2-995x1536.jpg 995w, https:\/\/yakaratelier.com\/wp-content\/uploads\/2024\/06\/Falda-Sagra-Principal-2-1326x2048.jpg 1326w, https:\/\/yakaratelier.com\/wp-content\/uploads\/2024\/06\/Falda-Sagra-Principal-2-8x12.jpg 8w, https:\/\/yakaratelier.com\/wp-content\/uploads\/2024\/06\/Falda-Sagra-Principal-2-600x927.jpg 600w, https:\/\/yakaratelier.com\/wp-content\/uploads\/2024\/06\/Falda-Sagra-Principal-2-648x1000.jpg 648w\" sizes=\"auto, (max-width: 1658px) 100vw, 1658px\" \/><div class=\"wp-block-cover__inner-container is-layout-flow wp-block-cover-is-layout-flow\">\n<h2 class=\"wp-block-heading has-text-align-left has-large-font-size\">Skirts<\/h2>\n<\/div><\/div>\n<\/div>\n\n\n\n<div class=\"wp-block-column is-layout-flow wp-block-column-is-layout-flow\">\n<div class=\"wp-block-cover is-light\" id=\"accesorios\"><span aria-hidden=\"true\" class=\"wp-block-cover__background has-background-dim-0 has-background-dim\" style=\"background-color:#c4bbb0\"><\/span><img loading=\"lazy\" decoding=\"async\" width=\"800\" height=\"800\" class=\"wp-block-cover__image-background wp-image-2216\" alt=\"\" src=\"https:\/\/yakaratelier.com\/wp-content\/uploads\/2024\/06\/BACON-STUDIO-9-2.png\" data-object-fit=\"cover\" srcset=\"https:\/\/yakaratelier.com\/wp-content\/uploads\/2024\/06\/BACON-STUDIO-9-2.png 800w, https:\/\/yakaratelier.com\/wp-content\/uploads\/2024\/06\/BACON-STUDIO-9-2-300x300.png 300w, https:\/\/yakaratelier.com\/wp-content\/uploads\/2024\/06\/BACON-STUDIO-9-2-150x150.png 150w, https:\/\/yakaratelier.com\/wp-content\/uploads\/2024\/06\/BACON-STUDIO-9-2-768x768.png 768w, https:\/\/yakaratelier.com\/wp-content\/uploads\/2024\/06\/BACON-STUDIO-9-2-12x12.png 12w, https:\/\/yakaratelier.com\/wp-content\/uploads\/2024\/06\/BACON-STUDIO-9-2-600x600.png 600w, https:\/\/yakaratelier.com\/wp-content\/uploads\/2024\/06\/BACON-STUDIO-9-2-50x50.png 50w, https:\/\/yakaratelier.com\/wp-content\/uploads\/2024\/06\/BACON-STUDIO-9-2-100x100.png 100w\" sizes=\"auto, (max-width: 800px) 100vw, 800px\" \/><div class=\"wp-block-cover__inner-container is-layout-flow wp-block-cover-is-layout-flow\">\n<h2 class=\"wp-block-heading has-text-align-left has-large-font-size\">Accesories<\/h2>\n<\/div><\/div>\n<\/div>\n<\/div>\n\n\n\n<div class=\"wp-block-group\"><div class=\"wp-block-group__inner-container is-layout-constrained wp-block-group-is-layout-constrained\">\n<p class=\"has-text-align-center homedesc\">YAKAR emerges from a combination of concepts:<br class=\"onlydesktop\"><span class=\"altfont\"> tradition and innovation<\/span>, structure and movement, personality and boldness,<br class=\"onlydesktop\"> always with the aim of <span class=\"altfont\">empowering<\/span> the female figure.<\/p>\n\n\n\n<hr class=\"wp-block-separator has-alpha-channel-opacity separadorhome\"\/>\n\n\n\n<div style=\"height:35px\" aria-hidden=\"true\" class=\"wp-block-spacer\"><\/div>\n\n\n\n<p class=\"has-text-align-center\" style=\"font-size:20px!important\"><span class=\"altfont\">Instagram<\/span> <a href=\"https:\/\/www.instagram.com\/yakaratelier\/?hl=es\" target=\"_blank\" title=\"Instagram Yakar Atelier\" rel=\"noopener\">@yakaratelier<\/a><\/p>\n<\/div><\/div>\n\n\n\n<script type=\"text\/javascript\">\njQuery(document).ready(function() {\nString.prototype.filename=function(extension){\n    var s= this.replace(\/\\\\\/g, '\/');\n    s= s.substring(s.lastIndexOf('\/')+ 1);\n    return extension? s.replace(\/[?#].+$\/, ''): s.split('.')[0];\n}\njQuery('.botonescoleccion .wp-block-cover').click(function() {\nconsole.log(jQuery(this));  \nvar id=jQuery(this).attr('id');\n\n  document.location=\"\/categoria\/\"+id;\n});\n\njQuery('.slidertext').click(function() {\n\n\n\n  document.location=\"\/coleccion\/\";\n});\n\njQuery('#coleccion').click(function() {\n\n\n\n  document.location=\"\/coleccion\/\";\n});\n\n\n});\n<\/script>","protected":false},"excerpt":{"rendered":"<p>YAKAR surge de una combinaci\u00f3n de conceptos tradici\u00f3n y renovaci\u00f3n, estructura y movimiento, personalidad y atrevimiento, siempre con el objetivo de darle poder a la figura femenina Instagram @yakaratelier<\/p>","protected":false},"author":1,"featured_media":0,"parent":0,"menu_order":0,"comment_status":"closed","ping_status":"closed","template":"","meta":{"_monsterinsights_skip_tracking":false,"_monsterinsights_sitenote_active":false,"_monsterinsights_sitenote_note":"","_monsterinsights_sitenote_category":0,"footnotes":""},"class_list":["post-7","page","type-page","status-publish"],"yoast_head":"<!-- This site is optimized with the Yoast SEO plugin v21.2 - https:\/\/yoast.com\/wordpress\/plugins\/seo\/ -->\n<title>Yakar Atelier - YAKAR Atelier<\/title>\n<meta name=\"description\" content=\"Yakar Atelier es tradici\u00f3n y renovaci\u00f3n, es estructura y movimiento, es personalidad y atrevimiento. Creamos piezas atemporales.\" \/>\n<meta name=\"robots\" content=\"index, follow, max-snippet:-1, max-image-preview:large, max-video-preview:-1\" \/>\n<link rel=\"canonical\" href=\"https:\/\/yakaratelier.com\/en\/\" \/>\n<meta property=\"og:locale\" content=\"en_GB\" \/>\n<meta property=\"og:type\" content=\"article\" \/>\n<meta property=\"og:title\" content=\"Yakar Atelier - YAKAR Atelier\" \/>\n<meta property=\"og:description\" content=\"Yakar Atelier es tradici\u00f3n y renovaci\u00f3n, es estructura y movimiento, es personalidad y atrevimiento. Creamos piezas atemporales.\" \/>\n<meta property=\"og:url\" content=\"https:\/\/yakaratelier.com\/en\/\" \/>\n<meta property=\"og:site_name\" content=\"YAKAR Atelier\" \/>\n<meta property=\"article:modified_time\" content=\"2024-12-12T16:26:10+00:00\" \/>\n<meta property=\"og:image\" content=\"https:\/\/yakaratelier.com\/wp-content\/uploads\/2023\/07\/Chaleco-Cati-Principal-scaled.jpg\" \/>\n<meta name=\"twitter:card\" content=\"summary_large_image\" \/>\n<meta name=\"twitter:label1\" content=\"Estimated reading time\" \/>\n\t<meta name=\"twitter:data1\" content=\"2 minutes\" \/>\n<script type=\"application\/ld+json\" class=\"yoast-schema-graph\">{\"@context\":\"https:\/\/schema.org\",\"@graph\":[{\"@type\":\"WebPage\",\"@id\":\"https:\/\/yakaratelier.com\/\",\"url\":\"https:\/\/yakaratelier.com\/\",\"name\":\"Yakar Atelier - YAKAR Atelier\",\"isPartOf\":{\"@id\":\"https:\/\/yakaratelier.com\/#website\"},\"datePublished\":\"2023-07-17T05:47:26+00:00\",\"dateModified\":\"2024-12-12T16:26:10+00:00\",\"description\":\"Yakar Atelier es tradici\u00f3n y renovaci\u00f3n, es estructura y movimiento, es personalidad y atrevimiento. Creamos piezas atemporales.\",\"inLanguage\":\"en-GB\",\"potentialAction\":[{\"@type\":\"ReadAction\",\"target\":[\"https:\/\/yakaratelier.com\/\"]}]},{\"@type\":\"WebSite\",\"@id\":\"https:\/\/yakaratelier.com\/#website\",\"url\":\"https:\/\/yakaratelier.com\/\",\"name\":\"YAKAR Atelier\",\"description\":\"YAKAR es tradici\u00f3n y renovaci\u00f3n\",\"publisher\":{\"@id\":\"https:\/\/yakaratelier.com\/#organization\"},\"alternateName\":\"Yakar Atelier\",\"potentialAction\":[{\"@type\":\"SearchAction\",\"target\":{\"@type\":\"EntryPoint\",\"urlTemplate\":\"https:\/\/yakaratelier.com\/?s={search_term_string}\"},\"query-input\":\"required name=search_term_string\"}],\"inLanguage\":\"en-GB\"},{\"@type\":\"Organization\",\"@id\":\"https:\/\/yakaratelier.com\/#organization\",\"name\":\"Yakar Atelier\",\"alternateName\":\"Yakar Atelier\",\"url\":\"https:\/\/yakaratelier.com\/\",\"logo\":{\"@type\":\"ImageObject\",\"inLanguage\":\"en-GB\",\"@id\":\"https:\/\/yakaratelier.com\/#\/schema\/logo\/image\/\",\"url\":\"https:\/\/yakaratelier.com\/wp-content\/uploads\/2023\/08\/cropped-LOGO-YAKAR-03.png\",\"contentUrl\":\"https:\/\/yakaratelier.com\/wp-content\/uploads\/2023\/08\/cropped-LOGO-YAKAR-03.png\",\"width\":4500,\"height\":1564,\"caption\":\"Yakar Atelier\"},\"image\":{\"@id\":\"https:\/\/yakaratelier.com\/#\/schema\/logo\/image\/\"}}]}<\/script>\n<!-- \/ Yoast SEO plugin. -->","yoast_head_json":{"title":"Yakar Atelier - YAKAR Atelier","description":"Yakar Atelier es tradici\u00f3n y renovaci\u00f3n, es estructura y movimiento, es personalidad y atrevimiento. Creamos piezas atemporales.","robots":{"index":"index","follow":"follow","max-snippet":"max-snippet:-1","max-image-preview":"max-image-preview:large","max-video-preview":"max-video-preview:-1"},"canonical":"https:\/\/yakaratelier.com\/en\/","og_locale":"en_GB","og_type":"article","og_title":"Yakar Atelier - YAKAR Atelier","og_description":"Yakar Atelier es tradici\u00f3n y renovaci\u00f3n, es estructura y movimiento, es personalidad y atrevimiento. Creamos piezas atemporales.","og_url":"https:\/\/yakaratelier.com\/en\/","og_site_name":"YAKAR Atelier","article_modified_time":"2024-12-12T16:26:10+00:00","og_image":[{"url":"https:\/\/yakaratelier.com\/wp-content\/uploads\/2023\/07\/Chaleco-Cati-Principal-scaled.jpg"}],"twitter_card":"summary_large_image","twitter_misc":{"Estimated reading time":"2 minutes"},"schema":{"@context":"https:\/\/schema.org","@graph":[{"@type":"WebPage","@id":"https:\/\/yakaratelier.com\/","url":"https:\/\/yakaratelier.com\/","name":"Yakar Atelier - YAKAR Atelier","isPartOf":{"@id":"https:\/\/yakaratelier.com\/#website"},"datePublished":"2023-07-17T05:47:26+00:00","dateModified":"2024-12-12T16:26:10+00:00","description":"Yakar Atelier es tradici\u00f3n y renovaci\u00f3n, es estructura y movimiento, es personalidad y atrevimiento. Creamos piezas atemporales.","inLanguage":"en-GB","potentialAction":[{"@type":"ReadAction","target":["https:\/\/yakaratelier.com\/"]}]},{"@type":"WebSite","@id":"https:\/\/yakaratelier.com\/#website","url":"https:\/\/yakaratelier.com\/","name":"YAKAR Atelier","description":"YAKAR es tradici\u00f3n y renovaci\u00f3n","publisher":{"@id":"https:\/\/yakaratelier.com\/#organization"},"alternateName":"Yakar Atelier","potentialAction":[{"@type":"SearchAction","target":{"@type":"EntryPoint","urlTemplate":"https:\/\/yakaratelier.com\/?s={search_term_string}"},"query-input":"required name=search_term_string"}],"inLanguage":"en-GB"},{"@type":"Organization","@id":"https:\/\/yakaratelier.com\/#organization","name":"Yakar Atelier","alternateName":"Yakar Atelier","url":"https:\/\/yakaratelier.com\/","logo":{"@type":"ImageObject","inLanguage":"en-GB","@id":"https:\/\/yakaratelier.com\/#\/schema\/logo\/image\/","url":"https:\/\/yakaratelier.com\/wp-content\/uploads\/2023\/08\/cropped-LOGO-YAKAR-03.png","contentUrl":"https:\/\/yakaratelier.com\/wp-content\/uploads\/2023\/08\/cropped-LOGO-YAKAR-03.png","width":4500,"height":1564,"caption":"Yakar Atelier"},"image":{"@id":"https:\/\/yakaratelier.com\/#\/schema\/logo\/image\/"}}]}},"_links":{"self":[{"href":"https:\/\/yakaratelier.com\/en\/wp-json\/wp\/v2\/pages\/7","targetHints":{"allow":["GET"]}}],"collection":[{"href":"https:\/\/yakaratelier.com\/en\/wp-json\/wp\/v2\/pages"}],"about":[{"href":"https:\/\/yakaratelier.com\/en\/wp-json\/wp\/v2\/types\/page"}],"author":[{"embeddable":true,"href":"https:\/\/yakaratelier.com\/en\/wp-json\/wp\/v2\/users\/1"}],"replies":[{"embeddable":true,"href":"https:\/\/yakaratelier.com\/en\/wp-json\/wp\/v2\/comments?post=7"}],"version-history":[{"count":63,"href":"https:\/\/yakaratelier.com\/en\/wp-json\/wp\/v2\/pages\/7\/revisions"}],"predecessor-version":[{"id":3299,"href":"https:\/\/yakaratelier.com\/en\/wp-json\/wp\/v2\/pages\/7\/revisions\/3299"}],"wp:attachment":[{"href":"https:\/\/yakaratelier.com\/en\/wp-json\/wp\/v2\/media?parent=7"}],"curies":[{"name":"wp","href":"https:\/\/api.w.org\/{rel}","templated":true}]}}