{"id":1197,"date":"2023-11-28T15:22:03","date_gmt":"2023-11-28T15:22:03","guid":{"rendered":"https:\/\/yakaratelier.com\/?page_id=1197"},"modified":"2023-11-28T15:22:04","modified_gmt":"2023-11-28T15:22:04","slug":"terminos-y-condiciones","status":"publish","type":"page","link":"https:\/\/yakaratelier.com\/en\/terminos-y-condiciones\/","title":{"rendered":"Terms &amp; conditions"},"content":{"rendered":"<h2 class=\"wp-block-heading\"><strong>CONDICIONES GENERALES DE CONTRATACI\u00d3N<\/strong><\/h2>\n\n\n\n<ol class=\"wp-block-list\">\n<li>Introducci\u00f3n<\/li>\n\n\n\n<li>Hacer un pedido<\/li>\n\n\n\n<li>Informaci\u00f3n sobre los productos<\/li>\n\n\n\n<li>Precio.<\/li>\n\n\n\n<li>Pago protegido<\/li>\n\n\n\n<li>Derecho de desistimiento.<\/li>\n\n\n\n<li>Cl\u00e1usula de salvaguarda<\/li>\n\n\n\n<li>Resoluci\u00f3n de controversias<\/li>\n\n\n\n<li>Sobre garant\u00edas legales<\/li>\n<\/ol>\n\n\n\n<p><strong>1. Introducci\u00f3n.<\/strong><\/p>\n\n\n\n<p>Las condiciones generales de contrataci\u00f3n descritas a continuaci\u00f3n (en adelante \u201cCondiciones Generales\u201d), rigen exclusivamente las relaciones contractuales entre todo usuario de la p\u00e1gina<strong> <a href=\"https:\/\/yakaratelier.com\/en\/\">https:\/\/yakaratelier.com<\/a><\/strong> y el vendedor, que es la sociedad <strong>Rosa Mar\u00eda Ariz\u00f3n Trenor<\/strong> con <strong>CIF 24328023A<\/strong> y domicilio social <strong>Calle Mu\u00f1oz Degrain 3, piso 3, pta. 7b Valencia 46003<\/strong>, seg\u00fan la Ley 34\/2002 de 11 de julio de servicios a la sociedad de la informaci\u00f3n y comercio electr\u00f3nico y con n\u00famero de tel\u00e9fono<strong> <a href=\"tel:610770377\">610 770 377<\/a><\/strong> y correo electr\u00f3nico <a href=\"mailto:yakaratelier@gmail.com\"><strong>yakaratelier@gmail.com<\/strong><\/a><\/p>\n\n\n\n<p>El procedimiento de contrataci\u00f3n del servicio se lleva a cabo de forma completamente electr\u00f3nica a trav\u00e9s del sitio web <a href=\"https:\/\/yakaratelier.com\/en\/\"><strong><a href=\"https:\/\/yakaratelier.com\/en\/\">https:\/\/yakaratelier.com<\/a><\/strong><\/a> teniendo la misma validez que la firma presenciales del mismo.<\/p>\n\n\n\n<p>Estas condiciones generales de venta que a continuaci\u00f3n se detallan son las \u00fanicas aplicables y reemplazan cualquier otra condici\u00f3n o pacto previo, salvo que las partes acuerden forma expresa y por escrito otro tipo de pacto y este anule o modifique las presentes condiciones generales de contrataci\u00f3n.<\/p>\n\n\n\n<p>El lenguaje utilizado en todo el procedimiento de contrataci\u00f3n ser\u00e1 el castellano y ser\u00e1 la lengua que rija las relaciones entre las partes, la muestra de informaci\u00f3n en cualquier otro idioma se considerar\u00e1 condicionada a la primera, en caso de discrepancia primar\u00e1 la versi\u00f3n en castellano sobre cualquier otra traducci\u00f3n o adaptaci\u00f3n.<\/p>\n\n\n\n<p><strong>Rosa Mar\u00eda Ariz\u00f3n Trenor<\/strong> puede ocasionalmente modificar las estipulaciones contenidas en las presentes condiciones generales, por lo que es aconsejable que \u00e9stas sean le\u00eddas en cada visita a la p\u00e1gina <strong><a href=\"https:\/\/yakaratelier.com\/en\/\">https:\/\/yakaratelier.com<\/a><\/strong>. Estas modificaciones surtir\u00e1n efectos a partir de la publicaci\u00f3n de las mismas y no tendr\u00e1n efectos retroactivos y no ser\u00e1n de aplicaci\u00f3n a compras realizadas con anterioridad de las mismas.<\/p>\n\n\n\n<p>Cada compra en la p\u00e1gina web se rige por las condiciones generales aplicables en la fecha del pedido. Consideramos que una vez que hayas hecho un pedido, habr\u00e1s aceptado sin reservas nuestras condiciones generales de venta tras haberlas le\u00eddo.<\/p>\n\n\n\n<p>Accediendo a la web, te comprometes a respetar las condiciones generales as\u00ed como las condiciones de utilizaci\u00f3n que figuran en las mismas.<\/p>\n\n\n\n<p><strong>2. Hacer un pedido.<\/strong><\/p>\n\n\n\n<p>A trav\u00e9s de la web:\u00a0<strong><a href=\"https:\/\/yakaratelier.com\/en\/\">https:\/\/yakaratelier.com<\/a><\/strong> (24 horas al d\u00eda, todos los d\u00edas). S\u00f3lo tienes que registrarte como cliente, entrar en la secci\u00f3n de la tienda online que te interesa, visualizar el art\u00edculo que quieres y a\u00f1adirlo a la cesta de la compra. Repite este proceso tantas veces como art\u00edculos desees comprar. Al final del proceso de compra ver\u00e1s las opciones de pago. Elige la que m\u00e1s te convenga y confirma tu suscripci\u00f3n. Una vez que confirmes el pago recibir\u00e1s copia de las Condiciones Generales de Contrataci\u00f3n en la cuenta de email que nos hayas facilitado.<\/p>\n\n\n\n<p>Nuestro horario de atenci\u00f3n al cliente es de lunes a viernes, de 10 a 13:30 y de 17 a 20 horas. En lo sucesivo, cuando hablemos de plazos en d\u00edas laborables, \u00e9stos se cuentan de lunes a viernes y de 10 a 14 los s\u00e1bados.<\/p>\n\n\n\n<p><strong>3. Informaci\u00f3n sobre los productos.<\/strong><\/p>\n\n\n\n<p><strong>Acerca de los art\u00edculos<\/strong><\/p>\n\n\n\n<p>El consumidor y usuario tiene siempre a su disposici\u00f3n tanto descripci\u00f3n escrita y detallada de los art\u00edculos como fotograf\u00edas o videos explicativos sobre los mismos. Se informa a su vez que los colores, por producci\u00f3n, en ocasiones pueden verse alterados, adem\u00e1s de las modificaciones que supone la visualizaci\u00f3n de las fotograf\u00edas seg\u00fan qu\u00e9 dispositivos.<\/p>\n\n\n\n<p>Desde <strong>Yakar Atelier <\/strong>nos comprometemos a complementar informaci\u00f3n del producto, como pudiera ser el color del mismo, a trav\u00e9s de fotograf\u00edas adicionales o descripciones m\u00e1s detalladas. Para poder realizar tales consultas puede escribirnos a\u00a0<a href=\"mailto:yakaratelier@gmail.com\"><strong>yakaratelier@gmail.com<\/strong><\/a> o llamarnos al <strong><a href=\"tel:610770377\">610 770 377<\/a><\/strong> en nuestro horario de atenci\u00f3n al p\u00fablico.<\/p>\n\n\n\n<p><strong>Servicios postventa<\/strong><\/p>\n\n\n\n<p>Antes de firmar el albar\u00e1n de entrega al transportista, el cliente deber\u00e1 revisar y confirmar el n\u00famero de bultos y su estado.<\/p>\n\n\n\n<p>Para tramitar los RMA o devoluciones el cliente puede contactar previamente con\u00a0<a href=\"https:\/\/yakaratelier.com\/en\/\"><strong><a href=\"https:\/\/yakaratelier.com\/en\/\">https:\/\/yakaratelier.com<\/a><\/strong><\/a> donde se le generar\u00e1 una hoja de RMA que podr\u00e1 adjuntar en su env\u00edo.<\/p>\n\n\n\n<p>El cliente tiene derecho a desistir del presente contrato en un plazo de 14 d\u00edas naturales desde que adquiri\u00f3 la posesi\u00f3n material de los bienes. Puede consultar nuestra pol\u00edtica de devoluciones siempre que lo desee en nuestro apartado de \u201cPol\u00edtica de devoluciones\u201d.<\/p>\n\n\n\n<p>Desde <strong>Yakar Atelier <\/strong>notificamos que, por ejemplo, por razones de higiene en algunos productos o debido a que realizamos confecciones a medida seg\u00fan deseo del cliente\u00a0(art\u00edculos al corte), nos reservamos el derecho a anular ciertos desistimientos o devoluciones.<\/p>\n\n\n\n<p><strong>En caso de falta de disponibilidad de art\u00edculos<\/strong><\/p>\n\n\n\n<p>Si en sus compras en <strong>Yakar Atelier <\/strong>observase la frase siguiente:\u00a0\u201cEste producto ya no est\u00e1 disponible con estas caracter\u00edsticas, pero est\u00e1 disponible con otras opciones.\u201d, puede contactar con nosotros v\u00eda email a\u00a0<a href=\"mailto:yakaratelier@gmail.com\"><strong>yakaratelier@gmail.com<\/strong><\/a> o bien por tel\u00e9fono al <strong><a href=\"tel:610770377\">610 770 377<\/a><\/strong> para solicitar informaci\u00f3n sobre plazos o cantidades. Si no hay stock de alg\u00fan producto, la propia plataforma no le dejar\u00e1 adquirirlo, por lo que no ofrecemos art\u00edculos que no disponemos en tienda. Para solicitar m\u00e1s cantidades, puede escribirnos o llamarnos.<\/p>\n\n\n\n<p>Las cantidades de stock de cada art\u00edculo puede consultarlas situ\u00e1ndose sobre la cantidad a pedir del art\u00edculo que desea.<\/p>\n\n\n\n<p><strong>Ante posibles errores de stock<\/strong><\/p>\n\n\n\n<p>En <strong>Yakar Atelier <\/strong>dejamos siempre un margen de error de stock en art\u00edculos al corte para ofrecer siempre el m\u00e1s aproximado a la realidad. En caso de no disponer de stock suficiente a la hora de servir un art\u00edculo ya adquirido, nos pondremos inmediatamente en contacto con usted para ofrecerle el reembolso del mismo o un producto alternativo con caracter\u00edsticas similares y por el mismo precio. Si demoramos el reembolso de manera injustificada en un plazo superior a 10 d\u00edas, el cliente puede reclamar el abono del doble del importe adeudado.<\/p>\n\n\n\n<p><strong>Informaci\u00f3n adicional<\/strong><\/p>\n\n\n\n<p>En caso de que un producto llegase en estado defectuoso de f\u00e1brica o debido al proceso de preparaci\u00f3n, <strong>Yakar Atelier <\/strong>se compromete a estudiar la situaci\u00f3n. Una vez puesto en conocimiento del problema a la empresa, \u00e9sta correr\u00e1 con las gestiones oportunas para garantizar un adecuado servicio al consumidor o cliente.<\/p>\n\n\n\n<p><strong>4. Precios.<\/strong><\/p>\n\n\n\n<p>Los precios de suscripci\u00f3n se muestran en euros (IVA incluido).<\/p>\n\n\n\n<p>Los gastos de transporte no est\u00e1n incluidos.<\/p>\n\n\n\n<p><strong>ENV\u00cdOS A ESPA\u00d1A PENINSULAR, PORTUGAL Y BALEARES CON CORREOS EXPRESS<\/strong><\/p>\n\n\n\n<p>El env\u00edo ser\u00e1 gratuito cuando el importe de la compra sea mayor de 60 \u20ac, para env\u00edos a pen\u00ednsula.<\/p>\n\n\n\n<figure class=\"wp-block-table\"><table><tbody><tr><td>Zona<\/td><td>Coste<\/td><\/tr><tr><td>Provincial<\/td><td>4,5 \u20ac<\/td><\/tr><tr><td>Espa\u00f1a Peninsular<\/td><td>6 \u20ac<\/td><\/tr><tr><td>Baleares<\/td><td>12 \u20ac<\/td><\/tr><\/tbody><\/table><\/figure>\n\n\n\n<p><strong><br>ENV\u00cdOS A CANARIAS, CEUTA Y MELILLA CON CORREOS<\/strong><\/p>\n\n\n\n<p>Entrega en 6-7 d\u00edas (d\u00edas laborables). Peso m\u00e1ximo del env\u00edo 2 kg.<\/p>\n\n\n\n<figure class=\"wp-block-table\"><table><tbody><tr><td>Zona<\/td><td>Coste<\/td><\/tr><tr><td>Canarias, Ceuta y Melilla<\/td><td>16 \u20ac<\/td><\/tr><\/tbody><\/table><\/figure>\n\n\n\n<p>Nos reservamos el derecho de modificar nuestros precios en cualquier momento. No obstante, nos comprometemos a aplicar las tarifas en vigor indicadas en la web en el momento de la realizaci\u00f3n del pedido.<\/p>\n\n\n\n<p><strong>5. Pago protegido.<\/strong><\/p>\n\n\n\n<p>Ponemos a tu disposici\u00f3n las siguientes modalidades de pago:<\/p>\n\n\n\n<ul class=\"wp-block-list\">\n<li>Con tarjeta de cr\u00e9dito o d\u00e9bito: Visa, Visa Electron y Mastercard.<\/li>\n\n\n\n<li>Mediante transferencia bancaria:&nbsp;El pago se cargar\u00e1 en el momento de la confirmaci\u00f3n del pedido, siempre y cuando haya obtenido la autorizaci\u00f3n previa de tu banco o caja. Si el pago no ha sido autorizado, tu pedido no podr\u00e1 tenerse en cuenta.<\/li>\n<\/ul>\n\n\n\n<ul class=\"wp-block-list\">\n<li>Paypal.<\/li>\n\n\n\n<li>Bizum.<\/li>\n<\/ul>\n\n\n\n<p><strong>6. Derecho de desistimiento.<\/strong><\/p>\n\n\n\n<p>Dispones de catorce (14) d\u00edas naturales a partir de la entrega en el domicilio se\u00f1alado por el cliente (en virtud de lo establecido en los art\u00edculos 68 y siguientes del Real Decreto 1\/2007 \u2013seg\u00fan la redacci\u00f3n dada por la Ley 3\/2014-) para comunicarnos que ejercitas este derecho.<\/p>\n\n\n\n<p>El ejercicio de este derecho se realizar\u00e1 sin penalizaci\u00f3n alguna y sin necesidad de indicar los motivos, si bien el cliente deber\u00e1 hacerse cargo del coste directo de devoluci\u00f3n del pedido a <strong><strong>Rosa Mar\u00eda Ariz\u00f3n Trenor<\/strong> <\/strong><\/p>\n\n\n\n<p>Para formalizar el derecho de desistimiento, deber\u00e1 contactar con <strong><strong>Rosa Mar\u00eda Ariz\u00f3n Trenor<\/strong> <\/strong>, en la direcci\u00f3n <a href=\"mailto:yakaratelier@gmail.com\"><strong>yakaratelier@gmail.com<\/strong><\/a> , enviando cumplimentado el formulario de desistimiento que se acompa\u00f1a a los presentes T\u00e9rminos y Condiciones como ANEXO 1 o bien remitiendo en su lugar una comunicaci\u00f3n fehaciente. Recibida dicha comunicaci\u00f3n, <strong>Rosa Mar\u00eda Ariz\u00f3n Trenor<\/strong> le indicar\u00e1 la forma de env\u00edo a sus instalaciones del pedido, que deber\u00e1 encontrarse en el mismo estado en que le lleg\u00f3, y -en su caso-, documentaci\u00f3n y elementos accesorios originales que vinieran con el mismo. El coste de la devoluci\u00f3n lo asumir\u00e1 el cliente y deber\u00e1 producirse dentro de los catorce (14) d\u00edas naturales siguientes a la fecha en que el cliente haya informado a <strong>Rosa Mar\u00eda Ariz\u00f3n Trenor<\/strong> su decisi\u00f3n de ejercitar el desistimiento.<\/p>\n\n\n\n<p>La devoluci\u00f3n de importes pagados se llevar\u00e1 a cabo a la mayor brevedad posible y, en todo caso, dentro de los catorce (14) d\u00edas naturales siguientes a la fecha en que el cliente haya informado de su decisi\u00f3n de desistimiento mediante reintegro en la tarjeta de cr\u00e9dito o d\u00e9bito utilizada para realizar la compra.<\/p>\n\n\n\n<p>Para ejercer el derecho de desistimiento, deber\u00e1 usted notificarnos a la direcci\u00f3n de <strong>Yakar Atelier Calle Mu\u00f1oz Degrain 3, piso 3, pta. 7b Valencia 46003<\/strong> tel\u00e9fono <strong><a href=\"tel:610770377\">610 770 377<\/a><\/strong> o email <a href=\"mailto:yakaratelier@gmail.com\"><strong>yakaratelier@gmail.com<\/strong><\/a> su decisi\u00f3n de desistir del contrato a trav\u00e9s de una declaraci\u00f3n inequ\u00edvoca (por ejemplo, una carta enviada por correo postal o correo electr\u00f3nico).<\/p>\n\n\n\n<p>El derecho de desistimiento&nbsp;<strong>no ser\u00e1 aplicable<\/strong>&nbsp;a los contratos que se refieran a:<\/p>\n\n\n\n<p>a) El suministro de bienes confeccionados conforme a las especificaciones del consumidor y usuario o claramente personalizados.<\/p>\n\n\n\n<p>b) El suministro de bienes que puedan deteriorarse o caducar con rapidez.<\/p>\n\n\n\n<p>c) El suministro de bienes precintados que no sean aptos para ser devueltos por razones de protecci\u00f3n de la salud o de higiene y que hayan sido desprecintados tras la entrega.<\/p>\n\n\n\n<p>d) El suministro de productos al corte o art\u00edculos que contengan cristal de strass.<\/p>\n\n\n\n<p>e) Patrones<\/p>\n\n\n\n<p><strong>7. Cl\u00e1usula de Salvaguarda.<\/strong><\/p>\n\n\n\n<p>Todas las cl\u00e1usulas o extremos del presente contrato deben ser interpretadas de forma independiente y aut\u00f3noma, no vi\u00e9ndose afectadas el resto de estipulaciones en caso de que una de ellas haya sido declarada NULA por sentencia judicial firme. Las partes contratantes acuerdan sustituir la cl\u00e1usula o cl\u00e1usulas afectadas por otra u otras que preserven los efectos perseguidos por las partes.<\/p>\n\n\n\n<p><strong>8. Resoluci\u00f3n de Controversias.<\/strong><\/p>\n\n\n\n<p><strong>Protecci\u00f3n al consumidor<\/strong><\/p>\n\n\n\n<p>Desde <strong>Yakar Atelier <\/strong>nos preocupamos por dar el mejor servicio a nuestros clientes, por ello deseamos mostrar la mayor transparencia e informarles sobre sus derechos. Desde la Uni\u00f3n Europea se informa al cliente sobre sus derechos como consumidor y le ofrecen ayuda en l\u00ednea ante posibles problemas en sus compras. Puedes consultar toda la informaci\u00f3n aqu\u00ed:<\/p>\n\n\n\n<p><a href=\"https:\/\/ec.europa.eu\/consumers\/odr\/main\/index.cfm?event=main.consumer.rights\">https:\/\/ec.europa.eu\/consumers\/odr\/main\/index.cfm?event=main.consumer.rights<\/a><\/p>\n\n\n\n<p>Si tiene problemas con una compra en l\u00ednea y no puede resolverlos con nosotros, puede utilizar esta plataforma para enviar su reclamaci\u00f3n a un organismo de resoluci\u00f3n de litigios autorizado:<\/p>\n\n\n\n<p><a href=\"https:\/\/ec.europa.eu\/consumers\/odr\/main\/index.cfm?event=main.home2.show&amp;lng=ES\">https:\/\/ec.europa.eu\/consumers\/odr\/main\/index.cfm?event=main.home2.show&amp;lng=ES<\/a><\/p>\n\n\n\n<p><strong>Rosa Mar\u00eda Ariz\u00f3n Trenor<\/strong> no se hace responsable de la no ejecuci\u00f3n de las presentes condiciones en caso de fuerza mayor, como la definida por los tribunales espa\u00f1oles y en caso de falta del cliente o de un hecho imprevisible por parte de una persona ajena al contrato.<\/p>\n\n\n\n<p>Para cualquier divergencia originada por el incumplimiento de las condiciones de compra-venta, a relaci\u00f3n entre <strong>Rosa Mar\u00eda Ariz\u00f3n Trenor<\/strong> y el USUARIO se regir\u00e1 por la normativa espa\u00f1ola vigente y cualquier controversia se someter\u00e1 a los Juzgados y Tribunales espa\u00f1oles.<\/p>\n\n\n\n<p><strong>Rosa Mar\u00eda Ariz\u00f3n Trenor<\/strong> no se hace responsable de las consecuencias que pudieran resultar de una utilizaci\u00f3n inadecuada de los productos vendidos en su web.<\/p>\n\n\n\n<p>Adem\u00e1s te recordamos que puedes acceder a la plataforma de resoluci\u00f3n de litigios en l\u00ednea de la Uni\u00f3n Europea siguiendo este enlace:&nbsp;<a href=\"https:\/\/ec.europa.eu\/consumers\/odr\/main\/?event=main.home2.show\">https:\/\/ec.europa.eu\/consumers\/odr\/main\/?event=main.home2.show<\/a><\/p>\n\n\n\n<p><strong>9. Sobre garant\u00edas legales<\/strong>:<\/p>\n\n\n\n<p>\u2013 En caso de producto defectuoso, el vendedor proceder\u00e1, seg\u00fan corresponda, a la reparaci\u00f3n, sustituci\u00f3n o resoluci\u00f3n del contrato, gestiones que no supondr\u00e1n coste para el consumidor y usuario.<\/p>\n\n\n\n<p>\u2013 El vendedor responde de las faltas de conformidad que se manifiesten en un plazo de dos a\u00f1os desde la entrega. Aunque debido a la naturaleza de los productos ofrecidos en nuestra web, en la que m\u00e1s del 90% tienen una vida inferior a dos a\u00f1os, se ajustar\u00e1 el plazo seg\u00fan el Art\u00edculo 116 del TRLGDCU (Conformidad de los productos con el contrato).<\/p>\n\n\n\n<p><a href=\"https:\/\/www.boe.es\/buscar\/act.php?id=BOE-A-2007-20555\">https:\/\/www.boe.es\/buscar\/act.php?id=BOE-A-2007-20555<\/a><\/p>\n\n\n\n<p>\u2013 El consumidor y usuario deber\u00e1 informar al vendedor de la falta de conformidad en el plazo de dos meses desde que tuvo conocimiento de ella.<\/p>","protected":false},"excerpt":{"rendered":"<p>CONDICIONES GENERALES DE CONTRATACI\u00d3N 1. Introducci\u00f3n. Las condiciones generales de contrataci\u00f3n descritas a continuaci\u00f3n (en adelante \u201cCondiciones Generales\u201d), rigen exclusivamente las relaciones contractuales entre todo usuario de la p\u00e1gina https:\/\/yakaratelier.com y el vendedor, que es la sociedad Rosa Mar\u00eda Ariz\u00f3n Trenor con CIF 24328023A y domicilio social Calle Mu\u00f1oz Degrain 3, piso 3, pta. 7b &#8230; <a title=\"Terms &amp; conditions\" class=\"read-more\" href=\"https:\/\/yakaratelier.com\/en\/terminos-y-condiciones\/\" aria-label=\"More on T\u00e9rminos y condiciones\">Read more<\/a><\/p>","protected":false},"author":1,"featured_media":0,"parent":0,"menu_order":0,"comment_status":"closed","ping_status":"open","template":"","meta":{"_monsterinsights_skip_tracking":false,"_monsterinsights_sitenote_active":false,"_monsterinsights_sitenote_note":"","_monsterinsights_sitenote_category":0,"footnotes":""},"class_list":["post-1197","page","type-page","status-publish"],"yoast_head":"<!-- This site is optimized with the Yoast SEO plugin v21.2 - https:\/\/yoast.com\/wordpress\/plugins\/seo\/ -->\n<title>T\u00e9rminos y condiciones - YAKAR Atelier<\/title>\n<meta name=\"robots\" content=\"noindex, nofollow\" \/>\n<meta property=\"og:locale\" content=\"en_GB\" \/>\n<meta property=\"og:type\" content=\"article\" \/>\n<meta property=\"og:title\" content=\"T\u00e9rminos y condiciones - YAKAR Atelier\" \/>\n<meta property=\"og:description\" content=\"CONDICIONES GENERALES DE CONTRATACI\u00d3N 1. Introducci\u00f3n. Las condiciones generales de contrataci\u00f3n descritas a continuaci\u00f3n (en adelante \u201cCondiciones Generales\u201d), rigen exclusivamente las relaciones contractuales entre todo usuario de la p\u00e1gina https:\/\/yakaratelier.com y el vendedor, que es la sociedad Rosa Mar\u00eda Ariz\u00f3n Trenor con CIF 24328023A y domicilio social Calle Mu\u00f1oz Degrain 3, piso 3, pta. 7b ... Read more\" \/>\n<meta property=\"og:url\" content=\"https:\/\/yakaratelier.com\/en\/terminos-y-condiciones\/\" \/>\n<meta property=\"og:site_name\" content=\"YAKAR Atelier\" \/>\n<meta property=\"article:modified_time\" content=\"2023-11-28T15:22:04+00:00\" \/>\n<meta name=\"twitter:card\" content=\"summary_large_image\" \/>\n<meta name=\"twitter:label1\" content=\"Estimated reading time\" \/>\n\t<meta name=\"twitter:data1\" content=\"10 minutes\" \/>\n<script type=\"application\/ld+json\" class=\"yoast-schema-graph\">{\"@context\":\"https:\/\/schema.org\",\"@graph\":[{\"@type\":\"WebPage\",\"@id\":\"https:\/\/yakaratelier.com\/terminos-y-condiciones\/\",\"url\":\"https:\/\/yakaratelier.com\/terminos-y-condiciones\/\",\"name\":\"T\u00e9rminos y condiciones - YAKAR Atelier\",\"isPartOf\":{\"@id\":\"https:\/\/yakaratelier.com\/#website\"},\"datePublished\":\"2023-11-28T15:22:03+00:00\",\"dateModified\":\"2023-11-28T15:22:04+00:00\",\"breadcrumb\":{\"@id\":\"https:\/\/yakaratelier.com\/terminos-y-condiciones\/#breadcrumb\"},\"inLanguage\":\"en-GB\",\"potentialAction\":[{\"@type\":\"ReadAction\",\"target\":[\"https:\/\/yakaratelier.com\/terminos-y-condiciones\/\"]}]},{\"@type\":\"BreadcrumbList\",\"@id\":\"https:\/\/yakaratelier.com\/terminos-y-condiciones\/#breadcrumb\",\"itemListElement\":[{\"@type\":\"ListItem\",\"position\":1,\"name\":\"Portada\",\"item\":\"https:\/\/yakaratelier.com\/\"},{\"@type\":\"ListItem\",\"position\":2,\"name\":\"T\u00e9rminos y condiciones\"}]},{\"@type\":\"WebSite\",\"@id\":\"https:\/\/yakaratelier.com\/#website\",\"url\":\"https:\/\/yakaratelier.com\/\",\"name\":\"YAKAR Atelier\",\"description\":\"YAKAR es tradici\u00f3n y renovaci\u00f3n\",\"publisher\":{\"@id\":\"https:\/\/yakaratelier.com\/#organization\"},\"alternateName\":\"Yakar Atelier\",\"potentialAction\":[{\"@type\":\"SearchAction\",\"target\":{\"@type\":\"EntryPoint\",\"urlTemplate\":\"https:\/\/yakaratelier.com\/?s={search_term_string}\"},\"query-input\":\"required name=search_term_string\"}],\"inLanguage\":\"en-GB\"},{\"@type\":\"Organization\",\"@id\":\"https:\/\/yakaratelier.com\/#organization\",\"name\":\"Yakar Atelier\",\"alternateName\":\"Yakar Atelier\",\"url\":\"https:\/\/yakaratelier.com\/\",\"logo\":{\"@type\":\"ImageObject\",\"inLanguage\":\"en-GB\",\"@id\":\"https:\/\/yakaratelier.com\/#\/schema\/logo\/image\/\",\"url\":\"https:\/\/yakaratelier.com\/wp-content\/uploads\/2023\/08\/cropped-LOGO-YAKAR-03.png\",\"contentUrl\":\"https:\/\/yakaratelier.com\/wp-content\/uploads\/2023\/08\/cropped-LOGO-YAKAR-03.png\",\"width\":4500,\"height\":1564,\"caption\":\"Yakar Atelier\"},\"image\":{\"@id\":\"https:\/\/yakaratelier.com\/#\/schema\/logo\/image\/\"}}]}<\/script>\n<!-- \/ Yoast SEO plugin. -->","yoast_head_json":{"title":"T\u00e9rminos y condiciones - YAKAR Atelier","robots":{"index":"noindex","follow":"nofollow"},"og_locale":"en_GB","og_type":"article","og_title":"T\u00e9rminos y condiciones - YAKAR Atelier","og_description":"CONDICIONES GENERALES DE CONTRATACI\u00d3N 1. Introducci\u00f3n. Las condiciones generales de contrataci\u00f3n descritas a continuaci\u00f3n (en adelante \u201cCondiciones Generales\u201d), rigen exclusivamente las relaciones contractuales entre todo usuario de la p\u00e1gina https:\/\/yakaratelier.com y el vendedor, que es la sociedad Rosa Mar\u00eda Ariz\u00f3n Trenor con CIF 24328023A y domicilio social Calle Mu\u00f1oz Degrain 3, piso 3, pta. 7b ... Read more","og_url":"https:\/\/yakaratelier.com\/en\/terminos-y-condiciones\/","og_site_name":"YAKAR Atelier","article_modified_time":"2023-11-28T15:22:04+00:00","twitter_card":"summary_large_image","twitter_misc":{"Estimated reading time":"10 minutes"},"schema":{"@context":"https:\/\/schema.org","@graph":[{"@type":"WebPage","@id":"https:\/\/yakaratelier.com\/terminos-y-condiciones\/","url":"https:\/\/yakaratelier.com\/terminos-y-condiciones\/","name":"T\u00e9rminos y condiciones - YAKAR Atelier","isPartOf":{"@id":"https:\/\/yakaratelier.com\/#website"},"datePublished":"2023-11-28T15:22:03+00:00","dateModified":"2023-11-28T15:22:04+00:00","breadcrumb":{"@id":"https:\/\/yakaratelier.com\/terminos-y-condiciones\/#breadcrumb"},"inLanguage":"en-GB","potentialAction":[{"@type":"ReadAction","target":["https:\/\/yakaratelier.com\/terminos-y-condiciones\/"]}]},{"@type":"BreadcrumbList","@id":"https:\/\/yakaratelier.com\/terminos-y-condiciones\/#breadcrumb","itemListElement":[{"@type":"ListItem","position":1,"name":"Portada","item":"https:\/\/yakaratelier.com\/"},{"@type":"ListItem","position":2,"name":"T\u00e9rminos y condiciones"}]},{"@type":"WebSite","@id":"https:\/\/yakaratelier.com\/#website","url":"https:\/\/yakaratelier.com\/","name":"YAKAR Atelier","description":"YAKAR es tradici\u00f3n y renovaci\u00f3n","publisher":{"@id":"https:\/\/yakaratelier.com\/#organization"},"alternateName":"Yakar Atelier","potentialAction":[{"@type":"SearchAction","target":{"@type":"EntryPoint","urlTemplate":"https:\/\/yakaratelier.com\/?s={search_term_string}"},"query-input":"required name=search_term_string"}],"inLanguage":"en-GB"},{"@type":"Organization","@id":"https:\/\/yakaratelier.com\/#organization","name":"Yakar Atelier","alternateName":"Yakar Atelier","url":"https:\/\/yakaratelier.com\/","logo":{"@type":"ImageObject","inLanguage":"en-GB","@id":"https:\/\/yakaratelier.com\/#\/schema\/logo\/image\/","url":"https:\/\/yakaratelier.com\/wp-content\/uploads\/2023\/08\/cropped-LOGO-YAKAR-03.png","contentUrl":"https:\/\/yakaratelier.com\/wp-content\/uploads\/2023\/08\/cropped-LOGO-YAKAR-03.png","width":4500,"height":1564,"caption":"Yakar Atelier"},"image":{"@id":"https:\/\/yakaratelier.com\/#\/schema\/logo\/image\/"}}]}},"_links":{"self":[{"href":"https:\/\/yakaratelier.com\/en\/wp-json\/wp\/v2\/pages\/1197","targetHints":{"allow":["GET"]}}],"collection":[{"href":"https:\/\/yakaratelier.com\/en\/wp-json\/wp\/v2\/pages"}],"about":[{"href":"https:\/\/yakaratelier.com\/en\/wp-json\/wp\/v2\/types\/page"}],"author":[{"embeddable":true,"href":"https:\/\/yakaratelier.com\/en\/wp-json\/wp\/v2\/users\/1"}],"replies":[{"embeddable":true,"href":"https:\/\/yakaratelier.com\/en\/wp-json\/wp\/v2\/comments?post=1197"}],"version-history":[{"count":1,"href":"https:\/\/yakaratelier.com\/en\/wp-json\/wp\/v2\/pages\/1197\/revisions"}],"predecessor-version":[{"id":1198,"href":"https:\/\/yakaratelier.com\/en\/wp-json\/wp\/v2\/pages\/1197\/revisions\/1198"}],"wp:attachment":[{"href":"https:\/\/yakaratelier.com\/en\/wp-json\/wp\/v2\/media?parent=1197"}],"curies":[{"name":"wp","href":"https:\/\/api.w.org\/{rel}","templated":true}]}}