{"id":1112,"date":"2023-08-24T07:37:39","date_gmt":"2023-08-24T07:37:39","guid":{"rendered":"https:\/\/yakaratelier.com\/?page_id=1112"},"modified":"2023-09-07T11:06:47","modified_gmt":"2023-09-07T11:06:47","slug":"politica-de-cookies","status":"publish","type":"page","link":"https:\/\/yakaratelier.com\/en\/politica-de-cookies\/","title":{"rendered":"Pol\u00edtica de cookies"},"content":{"rendered":"<p>YAKAR ATELIER le informa que este sitio web utiliza cookies. A continuaci\u00f3n, el usuario encontrar\u00e1 informaci\u00f3n detallada sobre las cookies que son instaladas en la p\u00e1gina web.<\/p>\n\n\n\n<p><strong>\u00bfQU\u00c9 SON LAS COOKIES?<\/strong><\/p>\n\n\n\n<p>Se considera cookies a cualquier tipo de archivo o dispositivo que se descarga en el equipo terminal de un usuario con la finalidad de almacenar datos que podr\u00e1n ser actualizados y recuperados por la entidad responsable de su instalaci\u00f3n. Se ubican en el disco duro del ordenador del Usuario, que archivan informaci\u00f3n sobre el uso que se realiza de un determinado Sitio Web. Las cookies solamente pueden ser le\u00eddas por el servidor que las coloc\u00f3 y no pueden ejecutar ning\u00fan programa o virus.<\/p>\n\n\n\n<p><strong>\u00bfQU\u00c9 TIPO DE COOKIES SE UTILIZAN EN ESTA P\u00c1GINA WEB?<\/strong><\/p>\n\n\n\n<p>&nbsp;Respecto a la&nbsp;finalidad de las cookies, en esta web utilizamos las siguientes:<\/p>\n\n\n\n<p><strong>Cookies t\u00e9cnicas estrictamente necesarias<\/strong>:&nbsp;Se tratan de cookies necesarias para el correcto funcionamiento de la web, as\u00ed como entre otros, guardar el identificador de sesi\u00f3n del usuario.<\/p>\n\n\n\n<p><strong>Cookies de an\u00e1lisis<\/strong>:&nbsp;Son aqu\u00e9llas que permiten al responsable de las mismas, el seguimiento y an\u00e1lisis del comportamiento de los usuarios de los sitios web a los que est\u00e1n vinculadas. La informaci\u00f3n recogida mediante este tipo de cookies se utiliza en la medici\u00f3n de la actividad de los sitios web, aplicaci\u00f3n o plataforma y para la elaboraci\u00f3n de perfiles de navegaci\u00f3n de los usuarios de dichos sitios.<\/p>\n\n\n\n<p>Asimismo, en cuanto a la&nbsp;entidad que gestiona las cookies, esta p\u00e1gina web utiliza cookies de&nbsp;terceros, entendidas como aquellas que se env\u00edan al terminal del usuario desde un equipo o dominio que no es gestionado por el editor sino por otra entidad que trata los datos obtenidos a trav\u00e9s de las cookies.<\/p>\n\n\n\n<p>En el apartado tercero (III) de la presente Pol\u00edtica de cookies bajo el t\u00edtulo \u201cInformaci\u00f3n sobre terceros\u201d podr\u00e1 encontrar m\u00e1s informaci\u00f3n sobre dichos terceros.<\/p>\n\n\n\n<p>Respecto al&nbsp;plazo de tiempo que permanecen activadas, en esta web utilizamos las siguientes:<\/p>\n\n\n\n<p><strong>Cookies de sesi\u00f3n<\/strong>: Son aquellas dise\u00f1adas para recabar y almacenar datos mientras el usuario accede a una p\u00e1gina web y desaparecen al cerrar el navegador.<\/p>\n\n\n\n<p><strong>Cookies persistentes<\/strong>: son aquellas en las que los datos siguen almacenados en el terminal y que pueden ser accedidos durante un periodo definido por el responsable de la cookie que puede ir de varios minutos a varios a\u00f1os.<\/p>\n\n\n\n<p><strong>Informaci\u00f3n sobre terceros.<\/strong><\/p>\n\n\n\n<p>El usuario puede obtener informaci\u00f3n completa sobre los terceros, as\u00ed como en su caso de las transferencias a terceros pa\u00edses que puedan llevar a cabo los terceros, a trav\u00e9s de los enlaces a sus p\u00e1ginas web detalladas a continuaci\u00f3n. El usuario por medio de los enlaces, podr\u00e1 consultar las correspondientes pol\u00edticas de protecci\u00f3n de datos y cookies de dichos terceros.<\/p>\n\n\n\n<p><strong>Google analytics<\/strong><\/p>\n\n\n\n<figure class=\"wp-block-embed\"><div class=\"wp-block-embed__wrapper\">\nhttps:\/\/analytics.google.com\/analytics\/web\/provision\/#\/provision\n<\/div><\/figure>\n\n\n\n<p><strong>Google<\/strong><\/p>\n\n\n\n<p><a href=\"http:\/\/www.google.com\/\">www.google.com<\/a><br>Asimismo, informamos a los usuarios que la informaci\u00f3n obtenida a trav\u00e9s de las cookies gestionadas por terceros es transferida a EEUU y que dicho pa\u00eds de destino es un tercer pa\u00eds que, actualmente, no ofrece un nivel de protecci\u00f3n adecuado en el sentido del Reglamento General de Protecci\u00f3n de Datos europeo (\u201cRGPD\u201d o \u201cReglamento (UE) 2016\/679\u201d).<br>Igualmente, le comunicamos que YAKAR ATELIER no puede controlar ni se hace responsable del contenido y veracidad de los t\u00e9rminos y condiciones y las pol\u00edticas de privacidad de terceros, as\u00ed como de aquella informaci\u00f3n que el tercero no ofrezca en castellano. Asimismo, tampoco se hace responsable del correcto funcionamiento de los enlaces facilitados a las correspondientes p\u00e1ginas webs.<\/p>\n\n\n\n<p><strong>&nbsp;Configuraci\u00f3n, desactivaci\u00f3n y eliminaci\u00f3n de cookies.<\/strong><\/p>\n\n\n\n<p>Para configurar o desactivar las cookies se puede acceder a nuestro panel de configuraci\u00f3n&nbsp;<a href=\"https:\/\/merceriacoserycantarrd.com\/#gdpr_cookie_modal\">aqu\u00ed<\/a>.<br>Asimismo, tenga en cuenta que, si acepta las cookies de terceros, deber\u00e1 eliminarlas desde las opciones del navegador o desde el sistema ofrecido por el propio tercero.<\/p>\n\n\n\n<p><strong>Actualizaci\u00f3n de Pol\u00edtica de cookies.<\/strong><\/p>\n\n\n\n<p>Esta Pol\u00edtica de Cookies puede variar en funci\u00f3n de nuevas exigencias legislativas, reglamentarias, o con la finalidad de adaptar dicha pol\u00edtica a las instrucciones dictadas por la Agencia Espa\u00f1ola de Protecci\u00f3n de Datos.<\/p>","protected":false},"excerpt":{"rendered":"<p>YAKAR ATELIER le informa que este sitio web utiliza cookies. A continuaci\u00f3n, el usuario encontrar\u00e1 informaci\u00f3n detallada sobre las cookies que son instaladas en la p\u00e1gina web. \u00bfQU\u00c9 SON LAS COOKIES? Se considera cookies a cualquier tipo de archivo o dispositivo que se descarga en el equipo terminal de un usuario con la finalidad de &#8230; <a title=\"Pol\u00edtica de cookies\" class=\"read-more\" href=\"https:\/\/yakaratelier.com\/en\/politica-de-cookies\/\" aria-label=\"More on Pol\u00edtica de cookies\">Read more<\/a><\/p>","protected":false},"author":1,"featured_media":0,"parent":0,"menu_order":0,"comment_status":"closed","ping_status":"open","template":"","meta":{"_monsterinsights_skip_tracking":false,"_monsterinsights_sitenote_active":false,"_monsterinsights_sitenote_note":"","_monsterinsights_sitenote_category":0,"footnotes":""},"class_list":["post-1112","page","type-page","status-publish"],"yoast_head":"<!-- This site is optimized with the Yoast SEO plugin v21.2 - https:\/\/yoast.com\/wordpress\/plugins\/seo\/ -->\n<title>Pol\u00edtica de cookies - YAKAR Atelier<\/title>\n<meta name=\"robots\" content=\"noindex, nofollow\" \/>\n<meta property=\"og:locale\" content=\"en_GB\" \/>\n<meta property=\"og:type\" content=\"article\" \/>\n<meta property=\"og:title\" content=\"Pol\u00edtica de cookies - YAKAR Atelier\" \/>\n<meta property=\"og:description\" content=\"YAKAR ATELIER le informa que este sitio web utiliza cookies. A continuaci\u00f3n, el usuario encontrar\u00e1 informaci\u00f3n detallada sobre las cookies que son instaladas en la p\u00e1gina web. \u00bfQU\u00c9 SON LAS COOKIES? Se considera cookies a cualquier tipo de archivo o dispositivo que se descarga en el equipo terminal de un usuario con la finalidad de ... Read more\" \/>\n<meta property=\"og:url\" content=\"https:\/\/yakaratelier.com\/en\/politica-de-cookies\/\" \/>\n<meta property=\"og:site_name\" content=\"YAKAR Atelier\" \/>\n<meta property=\"article:modified_time\" content=\"2023-09-07T11:06:47+00:00\" \/>\n<meta name=\"twitter:card\" content=\"summary_large_image\" \/>\n<meta name=\"twitter:label1\" content=\"Estimated reading time\" \/>\n\t<meta name=\"twitter:data1\" content=\"3 minutes\" \/>\n<script type=\"application\/ld+json\" class=\"yoast-schema-graph\">{\"@context\":\"https:\/\/schema.org\",\"@graph\":[{\"@type\":\"WebPage\",\"@id\":\"https:\/\/yakaratelier.com\/politica-de-cookies\/\",\"url\":\"https:\/\/yakaratelier.com\/politica-de-cookies\/\",\"name\":\"Pol\u00edtica de cookies - YAKAR Atelier\",\"isPartOf\":{\"@id\":\"https:\/\/yakaratelier.com\/#website\"},\"datePublished\":\"2023-08-24T07:37:39+00:00\",\"dateModified\":\"2023-09-07T11:06:47+00:00\",\"breadcrumb\":{\"@id\":\"https:\/\/yakaratelier.com\/politica-de-cookies\/#breadcrumb\"},\"inLanguage\":\"en-GB\",\"potentialAction\":[{\"@type\":\"ReadAction\",\"target\":[\"https:\/\/yakaratelier.com\/politica-de-cookies\/\"]}]},{\"@type\":\"BreadcrumbList\",\"@id\":\"https:\/\/yakaratelier.com\/politica-de-cookies\/#breadcrumb\",\"itemListElement\":[{\"@type\":\"ListItem\",\"position\":1,\"name\":\"Portada\",\"item\":\"https:\/\/yakaratelier.com\/\"},{\"@type\":\"ListItem\",\"position\":2,\"name\":\"Pol\u00edtica de cookies\"}]},{\"@type\":\"WebSite\",\"@id\":\"https:\/\/yakaratelier.com\/#website\",\"url\":\"https:\/\/yakaratelier.com\/\",\"name\":\"YAKAR Atelier\",\"description\":\"YAKAR es tradici\u00f3n y renovaci\u00f3n\",\"publisher\":{\"@id\":\"https:\/\/yakaratelier.com\/#organization\"},\"alternateName\":\"Yakar Atelier\",\"potentialAction\":[{\"@type\":\"SearchAction\",\"target\":{\"@type\":\"EntryPoint\",\"urlTemplate\":\"https:\/\/yakaratelier.com\/?s={search_term_string}\"},\"query-input\":\"required name=search_term_string\"}],\"inLanguage\":\"en-GB\"},{\"@type\":\"Organization\",\"@id\":\"https:\/\/yakaratelier.com\/#organization\",\"name\":\"Yakar Atelier\",\"alternateName\":\"Yakar Atelier\",\"url\":\"https:\/\/yakaratelier.com\/\",\"logo\":{\"@type\":\"ImageObject\",\"inLanguage\":\"en-GB\",\"@id\":\"https:\/\/yakaratelier.com\/#\/schema\/logo\/image\/\",\"url\":\"https:\/\/yakaratelier.com\/wp-content\/uploads\/2023\/08\/cropped-LOGO-YAKAR-03.png\",\"contentUrl\":\"https:\/\/yakaratelier.com\/wp-content\/uploads\/2023\/08\/cropped-LOGO-YAKAR-03.png\",\"width\":4500,\"height\":1564,\"caption\":\"Yakar Atelier\"},\"image\":{\"@id\":\"https:\/\/yakaratelier.com\/#\/schema\/logo\/image\/\"}}]}<\/script>\n<!-- \/ Yoast SEO plugin. -->","yoast_head_json":{"title":"Pol\u00edtica de cookies - YAKAR Atelier","robots":{"index":"noindex","follow":"nofollow"},"og_locale":"en_GB","og_type":"article","og_title":"Pol\u00edtica de cookies - YAKAR Atelier","og_description":"YAKAR ATELIER le informa que este sitio web utiliza cookies. A continuaci\u00f3n, el usuario encontrar\u00e1 informaci\u00f3n detallada sobre las cookies que son instaladas en la p\u00e1gina web. \u00bfQU\u00c9 SON LAS COOKIES? Se considera cookies a cualquier tipo de archivo o dispositivo que se descarga en el equipo terminal de un usuario con la finalidad de ... Read more","og_url":"https:\/\/yakaratelier.com\/en\/politica-de-cookies\/","og_site_name":"YAKAR Atelier","article_modified_time":"2023-09-07T11:06:47+00:00","twitter_card":"summary_large_image","twitter_misc":{"Estimated reading time":"3 minutes"},"schema":{"@context":"https:\/\/schema.org","@graph":[{"@type":"WebPage","@id":"https:\/\/yakaratelier.com\/politica-de-cookies\/","url":"https:\/\/yakaratelier.com\/politica-de-cookies\/","name":"Pol\u00edtica de cookies - YAKAR Atelier","isPartOf":{"@id":"https:\/\/yakaratelier.com\/#website"},"datePublished":"2023-08-24T07:37:39+00:00","dateModified":"2023-09-07T11:06:47+00:00","breadcrumb":{"@id":"https:\/\/yakaratelier.com\/politica-de-cookies\/#breadcrumb"},"inLanguage":"en-GB","potentialAction":[{"@type":"ReadAction","target":["https:\/\/yakaratelier.com\/politica-de-cookies\/"]}]},{"@type":"BreadcrumbList","@id":"https:\/\/yakaratelier.com\/politica-de-cookies\/#breadcrumb","itemListElement":[{"@type":"ListItem","position":1,"name":"Portada","item":"https:\/\/yakaratelier.com\/"},{"@type":"ListItem","position":2,"name":"Pol\u00edtica de cookies"}]},{"@type":"WebSite","@id":"https:\/\/yakaratelier.com\/#website","url":"https:\/\/yakaratelier.com\/","name":"YAKAR Atelier","description":"YAKAR es tradici\u00f3n y renovaci\u00f3n","publisher":{"@id":"https:\/\/yakaratelier.com\/#organization"},"alternateName":"Yakar Atelier","potentialAction":[{"@type":"SearchAction","target":{"@type":"EntryPoint","urlTemplate":"https:\/\/yakaratelier.com\/?s={search_term_string}"},"query-input":"required name=search_term_string"}],"inLanguage":"en-GB"},{"@type":"Organization","@id":"https:\/\/yakaratelier.com\/#organization","name":"Yakar Atelier","alternateName":"Yakar Atelier","url":"https:\/\/yakaratelier.com\/","logo":{"@type":"ImageObject","inLanguage":"en-GB","@id":"https:\/\/yakaratelier.com\/#\/schema\/logo\/image\/","url":"https:\/\/yakaratelier.com\/wp-content\/uploads\/2023\/08\/cropped-LOGO-YAKAR-03.png","contentUrl":"https:\/\/yakaratelier.com\/wp-content\/uploads\/2023\/08\/cropped-LOGO-YAKAR-03.png","width":4500,"height":1564,"caption":"Yakar Atelier"},"image":{"@id":"https:\/\/yakaratelier.com\/#\/schema\/logo\/image\/"}}]}},"_links":{"self":[{"href":"https:\/\/yakaratelier.com\/en\/wp-json\/wp\/v2\/pages\/1112","targetHints":{"allow":["GET"]}}],"collection":[{"href":"https:\/\/yakaratelier.com\/en\/wp-json\/wp\/v2\/pages"}],"about":[{"href":"https:\/\/yakaratelier.com\/en\/wp-json\/wp\/v2\/types\/page"}],"author":[{"embeddable":true,"href":"https:\/\/yakaratelier.com\/en\/wp-json\/wp\/v2\/users\/1"}],"replies":[{"embeddable":true,"href":"https:\/\/yakaratelier.com\/en\/wp-json\/wp\/v2\/comments?post=1112"}],"version-history":[{"count":3,"href":"https:\/\/yakaratelier.com\/en\/wp-json\/wp\/v2\/pages\/1112\/revisions"}],"predecessor-version":[{"id":1157,"href":"https:\/\/yakaratelier.com\/en\/wp-json\/wp\/v2\/pages\/1112\/revisions\/1157"}],"wp:attachment":[{"href":"https:\/\/yakaratelier.com\/en\/wp-json\/wp\/v2\/media?parent=1112"}],"curies":[{"name":"wp","href":"https:\/\/api.w.org\/{rel}","templated":true}]}}