{"id":1108,"date":"2023-08-24T07:29:28","date_gmt":"2023-08-24T07:29:28","guid":{"rendered":"https:\/\/yakaratelier.com\/?page_id=1108"},"modified":"2023-11-29T08:52:50","modified_gmt":"2023-11-29T08:52:50","slug":"politica-de-privacidad","status":"publish","type":"page","link":"https:\/\/yakaratelier.com\/en\/politica-de-privacidad\/","title":{"rendered":"Privacy policy"},"content":{"rendered":"<p>El presente Pol\u00edtica de Privacidad establece los t\u00e9rminos en que usa y protege la informaci\u00f3n que es proporcionada por sus usuarios al momento de utilizar su sitio web. Esta compa\u00f1\u00eda est\u00e1 comprometida con la seguridad de los datos de sus usuarios. Cuando le pedimos llenar los campos de informaci\u00f3n personal con la cual usted pueda ser identificado, lo hacemos asegurando que s\u00f3lo se empleara de acuerdo con los t\u00e9rminos de este documento. Esta Pol\u00edtica de Privacidad, esta revisada y actualizada en base al nuevo reglamento Europeo de Protecci\u00f3n de Datos (25 de mayo de 2018).<\/p>\n\n\n\n<p><strong>Presentaci\u00f3n y derecho de informaci\u00f3n<br><\/strong>Yakar Atelier se toma muy en serio la protecci\u00f3n de su privacidad y de sus datos personales. Por lo tanto, su informaci\u00f3n personal se conserva de forma segura y se trata con el m\u00e1ximo cuidado.<\/p>\n\n\n\n<p>La presente pol\u00edtica de protecci\u00f3n de datos regula el acceso y el uso del servicio del sitio Web www.yakaratelier.com (en adelante, el \u201csitio Web\u201d), que Rosa Ariz\u00f3n, con NIF 24328023A y domicilio en Calle Mu\u00f1oz Degrain 3, piso 3, pta. 7b Valencia 46003, pone a disposici\u00f3n de los Usuarios (en adelante, los \u201cUsuarios\u201d o el \u201cUsuario\u201d) interesados en los productos y\/o servicios ofrecidos por Rosa Ariz\u00f3n.<\/p>\n\n\n\n<p><strong>Procesamiento de datos personales, finalidad del tratamiento y consentimiento para la cesi\u00f3n de datos<br><\/strong>Los datos de los Usuarios que se recaban a trav\u00e9s de los formularios de registro, son utilizados por Rosa Ariz\u00f3n con la finalidad de mejorar la comunicaci\u00f3n con Usuarios del sitio Web interesados en la contrataci\u00f3n de los servicios de Rosa Ariz\u00f3n.<\/p>\n\n\n\n<p><strong>2.1. Tratamiento de datos personales por parte de Rosa Ariz\u00f3n<\/strong><\/p>\n\n\n\n<p>Le informamos de que sus datos personales de contacto ser\u00e1n incorporados a un fichero automatizado titularidad de Rosa Ariz\u00f3n y utilizados para tramitar sus pedidos, depurar sus datos, as\u00ed como para remitirle Newsletters y comunicaciones comerciales y promocionales relacionadas con los servicios de Rosa Ariz\u00f3n por tel\u00e9fono, correo electr\u00f3nico, SMS\/MMS, o por otros medios de comunicaci\u00f3n electr\u00f3nica equivalentes y ello al amparo de lo establecido en la Ley Org\u00e1nica 15\/1999, de 13 de diciembre, de Protecci\u00f3n de Datos de Car\u00e1cter Personal (en adelante, LOPD), en la Ley 34\/2002 de 11 de Julio, de Servicios de la Sociedad de la Informaci\u00f3n y de Comercio Electr\u00f3nico y en la Ley 9\/2014, de 9 de mayo, de Telecomunicaciones.<\/p>\n\n\n\n<p>Asimismo, y mediante la aceptaci\u00f3n de la presente Pol\u00edtica de Privacidad, el Usuario acepta los servicios de email retargeting mediante los cuales se podr\u00e1n llevar a cabo el env\u00edo de comunicaciones comerciales. El Usuario consiente que dichas comunicaciones comerciales contengan dispositivos de almacenamiento o cookies de publicidad que se instalar\u00e1n en su navegador.<\/p>\n\n\n\n<p>Estos servicios de email retargeting tienen como finalidad proporcionar m\u00e1s informaci\u00f3n sobre productos o servicios que puedan interesar al Usuario mediante:<\/p>\n\n\n\n<p>La instalaci\u00f3n de dispositivos de almacenamiento y recuperaci\u00f3n de datos o cookies en equipos terminales en algunos de los correos electr\u00f3nicos enviados a los usuarios.<\/p>\n\n\n\n<p>Env\u00edo de correos electr\u00f3nicos con comunicaciones comerciales a los que se haya instalado las Cookies mediante la visita de una p\u00e1gina web o mediante la instalaci\u00f3n a trav\u00e9s de correo electr\u00f3nico. Adem\u00e1s, en cada comunicaci\u00f3n comercial que contenga cookies, se informar\u00e1 al usuario de qu\u00e9 tipo de cookies contiene y c\u00f3mo desactivarlas. En todo caso, el usuario, mediante la aceptaci\u00f3n de la pol\u00edtica de protecci\u00f3n de datos y de privacidad del Sitio Web, salvo menci\u00f3n expresa en contrario por el usuario, acepta expresamente que Rosa Ariz\u00f3n pueda utilizar las cookies. En cualquier caso, el usuario tiene la posibilidad de configurar su navegador para ser avisado de la recepci\u00f3n de cookies y para impedir su instalaci\u00f3n en su equipo. Por favor, consulte las instrucciones y manuales de su navegador para ampliar esta informaci\u00f3n.<\/p>\n\n\n\n<p><strong>2.2. Tratamiento de datos con fines estad\u00edsticos, de segmentaci\u00f3n y elaboraci\u00f3n de perfiles<\/strong><\/p>\n\n\n\n<p>Le informamos que usted consiente el tratamiento de sus datos para la elaboraci\u00f3n de perfiles, as\u00ed como para la segmentaci\u00f3n de sus datos. Los citados tratamientos pueden tener como finalidad tanto el an\u00e1lisis y realizaci\u00f3n de estad\u00edsticas para conocer el tr\u00e1fico y utilizaci\u00f3n del Sitio Web por parte de los Usuarios, como la determinaci\u00f3n de sus gustos y preferencias para remitirle informaci\u00f3n promocional o publicidad acorde con sus intereses.<\/p>\n\n\n\n<p>En concreto, mediante la aceptaci\u00f3n de la presente Pol\u00edtica de Privacidad, el usuario consiente que sus datos puedan ser asociados a identificadores online facilitados por sus dispositivos, aplicaciones, herramientas y protocolos, como direcciones de los protocolos de internet, identificadores de sesi\u00f3n en forma de \u201ccookies\u201d u otros identificadores. Esto puede dejar huellas que, en particular, al ser combinadas con identificadores \u00fanicos y otros datos recibidos por los servidores, pueden ser utilizadas para elaborar perfiles de las personas f\u00edsicas e identificarlas. En este sentido, usted consiente expl\u00edcitamente que tus datos puedan ser utilizados para la elaboraci\u00f3n de perfiles y labores de segmentaci\u00f3n y\/o depuraci\u00f3n de sus datos con finalidades publicitarias.<\/p>\n\n\n\n<p><strong>Car\u00e1cter obligatorio o facultativo de la informaci\u00f3n facilitada por el Usuario y veracidad de los datos<br><\/strong>El Usuario garantiza que los datos personales facilitados son veraces y se hace responsable de comunicar a Rosa Ariz\u00f3n cualquier modificaci\u00f3n de los mismos. El Usuario responder\u00e1, en cualquier caso, de la veracidad de los datos facilitados, reserv\u00e1ndose Rosa Ariz\u00f3n el derecho a excluir de los servicios registrados a todo Usuario que haya facilitado datos falsos, sin perjuicio de las dem\u00e1s acciones que procedan en Derecho.<\/p>\n\n\n\n<p>Se recomienda tener la m\u00e1xima diligencia en materia de Protecci\u00f3n de Datos mediante la utilizaci\u00f3n de herramientas de seguridad, no pudi\u00e9ndose responsabilizar a Rosa Ariz\u00f3n de sustracciones, modificaciones o p\u00e9rdidas de datos il\u00edcitas.<\/p>\n\n\n\n<p><strong>Derechos de Acceso, Rectificaci\u00f3n, Cancelaci\u00f3n y Oposici\u00f3n<br><\/strong>Podr\u00e1 dirigir sus comunicaciones y ejercitar los derechos de acceso, rectificaci\u00f3n, cancelaci\u00f3n y oposici\u00f3n en la direcci\u00f3n de email yakaratelier@gmail.com, o bien por correo ordinario dirigido a Rosa Ariz\u00f3n, Calle Mu\u00f1oz Degrain 3, piso 3, pta. 7b Valencia 46003. Para ejercer dichos derechos es necesario que usted acredite su personalidad frente mediante el env\u00edo de una fotocopia de su Documento Nacional de Identidad o cualquier otro medio v\u00e1lido en Derecho.<\/p>\n\n\n\n<p><strong>Medidas de seguridad<br><\/strong>Rosa Ariz\u00f3n mantiene los niveles de seguridad de protecci\u00f3n de datos personales conforme a la LOPD y al Real Decreto 1720\/2007, de 21 de diciembre, por el que se aprueba el Reglamento de desarrollo de la LOPD que contengan datos de car\u00e1cter personal y ha establecido todos los medios t\u00e9cnicos a su alcance para evitar la p\u00e9rdida, mal uso, alteraci\u00f3n, acceso no autorizado y robo de los datos que el Usuario facilite a trav\u00e9s del sitio Web, sin perjuicio de informarle de que las medidas de seguridad en Internet no son inexpugnables.<\/p>\n\n\n\n<p>Rosa Ariz\u00f3n se compromete a cumplir con el deber de secreto y confidencialidad respecto de los datos personales contenidos en el fichero automatizado de acuerdo con la legislaci\u00f3n aplicable, as\u00ed como a conferirles un tratamiento seguro en las cesiones que, en su caso, puedan producirse.<\/p>\n\n\n\n<p><strong>Cambios<\/strong><br>Rosa Ariz\u00f3n se reserva el derecho de revisar su Pol\u00edtica de Privacidad en el momento que lo considere oportuno, en cuyo caso se comunicar\u00e1 a los Usuarios. Por esta raz\u00f3n, le rogamos que compruebe de forma regular esta declaraci\u00f3n de privacidad para leer la versi\u00f3n m\u00e1s reciente de la Pol\u00edtica de Privacidad de Rosa Ariz\u00f3n.<\/p>\n\n\n\n<p><strong>Aceptaci\u00f3n y Consentimiento<br><\/strong>El Usuario declara haber sido informado de las condiciones sobre protecci\u00f3n de datos personales, aceptando y consintiendo el tratamiento automatizado de los mismos por parte de Rosa Ariz\u00f3n, en la forma y para las finalidades indicadas en la presente Pol\u00edtica de Privacidad.<\/p>","protected":false},"excerpt":{"rendered":"<p>El presente Pol\u00edtica de Privacidad establece los t\u00e9rminos en que usa y protege la informaci\u00f3n que es proporcionada por sus usuarios al momento de utilizar su sitio web. Esta compa\u00f1\u00eda est\u00e1 comprometida con la seguridad de los datos de sus usuarios. Cuando le pedimos llenar los campos de informaci\u00f3n personal con la cual usted pueda &#8230; <a title=\"Privacy policy\" class=\"read-more\" href=\"https:\/\/yakaratelier.com\/en\/politica-de-privacidad\/\" aria-label=\"More on Pol\u00edtica de privacidad\">Read more<\/a><\/p>","protected":false},"author":1,"featured_media":0,"parent":0,"menu_order":0,"comment_status":"closed","ping_status":"open","template":"","meta":{"_monsterinsights_skip_tracking":false,"_monsterinsights_sitenote_active":false,"_monsterinsights_sitenote_note":"","_monsterinsights_sitenote_category":0,"footnotes":""},"class_list":["post-1108","page","type-page","status-publish"],"yoast_head":"<!-- This site is optimized with the Yoast SEO plugin v21.2 - https:\/\/yoast.com\/wordpress\/plugins\/seo\/ -->\n<title>Pol\u00edtica de privacidad - YAKAR Atelier<\/title>\n<meta name=\"robots\" content=\"noindex, nofollow\" \/>\n<meta property=\"og:locale\" content=\"en_GB\" \/>\n<meta property=\"og:type\" content=\"article\" \/>\n<meta property=\"og:title\" content=\"Pol\u00edtica de privacidad - YAKAR Atelier\" \/>\n<meta property=\"og:description\" content=\"El presente Pol\u00edtica de Privacidad establece los t\u00e9rminos en que usa y protege la informaci\u00f3n que es proporcionada por sus usuarios al momento de utilizar su sitio web. Esta compa\u00f1\u00eda est\u00e1 comprometida con la seguridad de los datos de sus usuarios. Cuando le pedimos llenar los campos de informaci\u00f3n personal con la cual usted pueda ... Read more\" \/>\n<meta property=\"og:url\" content=\"https:\/\/yakaratelier.com\/en\/politica-de-privacidad\/\" \/>\n<meta property=\"og:site_name\" content=\"YAKAR Atelier\" \/>\n<meta property=\"article:modified_time\" content=\"2023-11-29T08:52:50+00:00\" \/>\n<meta name=\"twitter:card\" content=\"summary_large_image\" \/>\n<meta name=\"twitter:label1\" content=\"Estimated reading time\" \/>\n\t<meta name=\"twitter:data1\" content=\"6 minutes\" \/>\n<script type=\"application\/ld+json\" class=\"yoast-schema-graph\">{\"@context\":\"https:\/\/schema.org\",\"@graph\":[{\"@type\":\"WebPage\",\"@id\":\"https:\/\/yakaratelier.com\/politica-de-privacidad\/\",\"url\":\"https:\/\/yakaratelier.com\/politica-de-privacidad\/\",\"name\":\"Pol\u00edtica de privacidad - YAKAR Atelier\",\"isPartOf\":{\"@id\":\"https:\/\/yakaratelier.com\/#website\"},\"datePublished\":\"2023-08-24T07:29:28+00:00\",\"dateModified\":\"2023-11-29T08:52:50+00:00\",\"breadcrumb\":{\"@id\":\"https:\/\/yakaratelier.com\/politica-de-privacidad\/#breadcrumb\"},\"inLanguage\":\"en-GB\",\"potentialAction\":[{\"@type\":\"ReadAction\",\"target\":[\"https:\/\/yakaratelier.com\/politica-de-privacidad\/\"]}]},{\"@type\":\"BreadcrumbList\",\"@id\":\"https:\/\/yakaratelier.com\/politica-de-privacidad\/#breadcrumb\",\"itemListElement\":[{\"@type\":\"ListItem\",\"position\":1,\"name\":\"Portada\",\"item\":\"https:\/\/yakaratelier.com\/\"},{\"@type\":\"ListItem\",\"position\":2,\"name\":\"Pol\u00edtica de privacidad\"}]},{\"@type\":\"WebSite\",\"@id\":\"https:\/\/yakaratelier.com\/#website\",\"url\":\"https:\/\/yakaratelier.com\/\",\"name\":\"YAKAR Atelier\",\"description\":\"YAKAR es tradici\u00f3n y renovaci\u00f3n\",\"publisher\":{\"@id\":\"https:\/\/yakaratelier.com\/#organization\"},\"alternateName\":\"Yakar Atelier\",\"potentialAction\":[{\"@type\":\"SearchAction\",\"target\":{\"@type\":\"EntryPoint\",\"urlTemplate\":\"https:\/\/yakaratelier.com\/?s={search_term_string}\"},\"query-input\":\"required name=search_term_string\"}],\"inLanguage\":\"en-GB\"},{\"@type\":\"Organization\",\"@id\":\"https:\/\/yakaratelier.com\/#organization\",\"name\":\"Yakar Atelier\",\"alternateName\":\"Yakar Atelier\",\"url\":\"https:\/\/yakaratelier.com\/\",\"logo\":{\"@type\":\"ImageObject\",\"inLanguage\":\"en-GB\",\"@id\":\"https:\/\/yakaratelier.com\/#\/schema\/logo\/image\/\",\"url\":\"https:\/\/yakaratelier.com\/wp-content\/uploads\/2023\/08\/cropped-LOGO-YAKAR-03.png\",\"contentUrl\":\"https:\/\/yakaratelier.com\/wp-content\/uploads\/2023\/08\/cropped-LOGO-YAKAR-03.png\",\"width\":4500,\"height\":1564,\"caption\":\"Yakar Atelier\"},\"image\":{\"@id\":\"https:\/\/yakaratelier.com\/#\/schema\/logo\/image\/\"}}]}<\/script>\n<!-- \/ Yoast SEO plugin. -->","yoast_head_json":{"title":"Pol\u00edtica de privacidad - YAKAR Atelier","robots":{"index":"noindex","follow":"nofollow"},"og_locale":"en_GB","og_type":"article","og_title":"Pol\u00edtica de privacidad - YAKAR Atelier","og_description":"El presente Pol\u00edtica de Privacidad establece los t\u00e9rminos en que usa y protege la informaci\u00f3n que es proporcionada por sus usuarios al momento de utilizar su sitio web. Esta compa\u00f1\u00eda est\u00e1 comprometida con la seguridad de los datos de sus usuarios. Cuando le pedimos llenar los campos de informaci\u00f3n personal con la cual usted pueda ... Read more","og_url":"https:\/\/yakaratelier.com\/en\/politica-de-privacidad\/","og_site_name":"YAKAR Atelier","article_modified_time":"2023-11-29T08:52:50+00:00","twitter_card":"summary_large_image","twitter_misc":{"Estimated reading time":"6 minutes"},"schema":{"@context":"https:\/\/schema.org","@graph":[{"@type":"WebPage","@id":"https:\/\/yakaratelier.com\/politica-de-privacidad\/","url":"https:\/\/yakaratelier.com\/politica-de-privacidad\/","name":"Pol\u00edtica de privacidad - YAKAR Atelier","isPartOf":{"@id":"https:\/\/yakaratelier.com\/#website"},"datePublished":"2023-08-24T07:29:28+00:00","dateModified":"2023-11-29T08:52:50+00:00","breadcrumb":{"@id":"https:\/\/yakaratelier.com\/politica-de-privacidad\/#breadcrumb"},"inLanguage":"en-GB","potentialAction":[{"@type":"ReadAction","target":["https:\/\/yakaratelier.com\/politica-de-privacidad\/"]}]},{"@type":"BreadcrumbList","@id":"https:\/\/yakaratelier.com\/politica-de-privacidad\/#breadcrumb","itemListElement":[{"@type":"ListItem","position":1,"name":"Portada","item":"https:\/\/yakaratelier.com\/"},{"@type":"ListItem","position":2,"name":"Pol\u00edtica de privacidad"}]},{"@type":"WebSite","@id":"https:\/\/yakaratelier.com\/#website","url":"https:\/\/yakaratelier.com\/","name":"YAKAR Atelier","description":"YAKAR es tradici\u00f3n y renovaci\u00f3n","publisher":{"@id":"https:\/\/yakaratelier.com\/#organization"},"alternateName":"Yakar Atelier","potentialAction":[{"@type":"SearchAction","target":{"@type":"EntryPoint","urlTemplate":"https:\/\/yakaratelier.com\/?s={search_term_string}"},"query-input":"required name=search_term_string"}],"inLanguage":"en-GB"},{"@type":"Organization","@id":"https:\/\/yakaratelier.com\/#organization","name":"Yakar Atelier","alternateName":"Yakar Atelier","url":"https:\/\/yakaratelier.com\/","logo":{"@type":"ImageObject","inLanguage":"en-GB","@id":"https:\/\/yakaratelier.com\/#\/schema\/logo\/image\/","url":"https:\/\/yakaratelier.com\/wp-content\/uploads\/2023\/08\/cropped-LOGO-YAKAR-03.png","contentUrl":"https:\/\/yakaratelier.com\/wp-content\/uploads\/2023\/08\/cropped-LOGO-YAKAR-03.png","width":4500,"height":1564,"caption":"Yakar Atelier"},"image":{"@id":"https:\/\/yakaratelier.com\/#\/schema\/logo\/image\/"}}]}},"_links":{"self":[{"href":"https:\/\/yakaratelier.com\/en\/wp-json\/wp\/v2\/pages\/1108","targetHints":{"allow":["GET"]}}],"collection":[{"href":"https:\/\/yakaratelier.com\/en\/wp-json\/wp\/v2\/pages"}],"about":[{"href":"https:\/\/yakaratelier.com\/en\/wp-json\/wp\/v2\/types\/page"}],"author":[{"embeddable":true,"href":"https:\/\/yakaratelier.com\/en\/wp-json\/wp\/v2\/users\/1"}],"replies":[{"embeddable":true,"href":"https:\/\/yakaratelier.com\/en\/wp-json\/wp\/v2\/comments?post=1108"}],"version-history":[{"count":7,"href":"https:\/\/yakaratelier.com\/en\/wp-json\/wp\/v2\/pages\/1108\/revisions"}],"predecessor-version":[{"id":1203,"href":"https:\/\/yakaratelier.com\/en\/wp-json\/wp\/v2\/pages\/1108\/revisions\/1203"}],"wp:attachment":[{"href":"https:\/\/yakaratelier.com\/en\/wp-json\/wp\/v2\/media?parent=1108"}],"curies":[{"name":"wp","href":"https:\/\/api.w.org\/{rel}","templated":true}]}}