{"id":108,"date":"2023-07-17T10:34:31","date_gmt":"2023-07-17T10:34:31","guid":{"rendered":"https:\/\/yakar.pruebasquois.es\/?page_id=108"},"modified":"2024-07-02T08:00:23","modified_gmt":"2024-07-02T08:00:23","slug":"atelier","status":"publish","type":"page","link":"https:\/\/yakaratelier.com\/en\/atelier\/","title":{"rendered":"Atelier"},"content":{"rendered":"<div class=\"wp-block-cover is-light\" style=\"min-height:1077px;aspect-ratio:unset;\"><span aria-hidden=\"true\" class=\"wp-block-cover__background has-background-dim-0 has-background-dim\" style=\"background-color:#b6ada7\"><\/span><img loading=\"lazy\" decoding=\"async\" width=\"2560\" height=\"1707\" class=\"wp-block-cover__image-background wp-image-1259\" alt=\"\" src=\"https:\/\/yakaratelier.com\/wp-content\/uploads\/2024\/06\/BACON-STUDIO-2-scaled.jpg\" data-object-fit=\"cover\" srcset=\"https:\/\/yakaratelier.com\/wp-content\/uploads\/2024\/06\/BACON-STUDIO-2-scaled.jpg 2560w, https:\/\/yakaratelier.com\/wp-content\/uploads\/2024\/06\/BACON-STUDIO-2-300x200.jpg 300w, https:\/\/yakaratelier.com\/wp-content\/uploads\/2024\/06\/BACON-STUDIO-2-1024x683.jpg 1024w, https:\/\/yakaratelier.com\/wp-content\/uploads\/2024\/06\/BACON-STUDIO-2-768x512.jpg 768w, https:\/\/yakaratelier.com\/wp-content\/uploads\/2024\/06\/BACON-STUDIO-2-1536x1024.jpg 1536w, https:\/\/yakaratelier.com\/wp-content\/uploads\/2024\/06\/BACON-STUDIO-2-2048x1365.jpg 2048w, https:\/\/yakaratelier.com\/wp-content\/uploads\/2024\/06\/BACON-STUDIO-2-18x12.jpg 18w, https:\/\/yakaratelier.com\/wp-content\/uploads\/2024\/06\/BACON-STUDIO-2-600x400.jpg 600w, https:\/\/yakaratelier.com\/wp-content\/uploads\/2024\/06\/BACON-STUDIO-2-1000x667.jpg 1000w\" sizes=\"auto, (max-width: 2560px) 100vw, 2560px\" \/><div class=\"wp-block-cover__inner-container is-layout-flow wp-block-cover-is-layout-flow\">\n<p class=\"has-text-align-center has-large-font-size\"><\/p>\n<\/div><\/div>\n\n\n\n<div class=\"wp-block-group\"><div class=\"wp-block-group__inner-container is-layout-constrained wp-block-group-is-layout-constrained\">\n<p class=\"has-text-align-center homedesc textotejidos\">Our collection consists of a series of models that can be made with different fabrics, depending on the pattern's characteristics, the difficulty of the construction, and the desired drape for each garment.<br>We tailor our garments upon order, although there is the possibility of finding them pre-made at the Atelier<\/p>\n\n\n\n<p class=\"has-text-align-center\"><a href=\"\/en\/coleccion\/\" style=\"font-size:35px\">&gt; Shop here<\/a><\/p>\n\n\n\n<p class=\"has-text-align-center homedesc textotejidos\">We offer exclusivity with a limited number of garments per fabric. We also provide the \"made-to-measure\" option. Depending on the chosen model, you can design your coat with specific fabrics by requesting an APPOINTMENT at our Atelier.<\/p>\n\n\n\n<div class=\"wp-block-buttons is-content-justification-center is-layout-flex wp-container-core-buttons-is-layout-1 wp-block-buttons-is-layout-flex\">\n<div class=\"wp-block-button has-custom-font-size has-medium-font-size\"><a class=\"wp-block-button__link has-background wp-element-button\" href=\"mailto:yakaratelier@gmail.com\" style=\"background-color:#a79575\">REQUEST APPOINTMENT<\/a><\/div>\n<\/div>\n\n\n\n<div style=\"height:100px\" aria-hidden=\"true\" class=\"wp-block-spacer\"><\/div>\n\n\n\n<div class=\"wp-block-columns is-layout-flex wp-container-core-columns-is-layout-1 wp-block-columns-is-layout-flex\">\n<div class=\"wp-block-column is-layout-flow wp-block-column-is-layout-flow\"><div class=\"wp-block-image wp-duotone-unset-1\">\n<figure class=\"alignright size-large\"><img loading=\"lazy\" decoding=\"async\" width=\"963\" height=\"1024\" src=\"https:\/\/yakaratelier.com\/wp-content\/uploads\/2023\/08\/BACON-STUDIO-8-scaled-2-963x1024.jpg\" alt=\"\" class=\"wp-image-1097\" srcset=\"https:\/\/yakaratelier.com\/wp-content\/uploads\/2023\/08\/BACON-STUDIO-8-scaled-2-963x1024.jpg 963w, https:\/\/yakaratelier.com\/wp-content\/uploads\/2023\/08\/BACON-STUDIO-8-scaled-2-940x1000.jpg 940w, https:\/\/yakaratelier.com\/wp-content\/uploads\/2023\/08\/BACON-STUDIO-8-scaled-2-600x638.jpg 600w, https:\/\/yakaratelier.com\/wp-content\/uploads\/2023\/08\/BACON-STUDIO-8-scaled-2-282x300.jpg 282w, https:\/\/yakaratelier.com\/wp-content\/uploads\/2023\/08\/BACON-STUDIO-8-scaled-2-768x817.jpg 768w, https:\/\/yakaratelier.com\/wp-content\/uploads\/2023\/08\/BACON-STUDIO-8-scaled-2-1444x1536.jpg 1444w, https:\/\/yakaratelier.com\/wp-content\/uploads\/2023\/08\/BACON-STUDIO-8-scaled-2-11x12.jpg 11w, https:\/\/yakaratelier.com\/wp-content\/uploads\/2023\/08\/BACON-STUDIO-8-scaled-2.jpg 1707w\" sizes=\"auto, (max-width: 963px) 100vw, 963px\" \/><\/figure><\/div><\/div>\n\n\n\n<div class=\"wp-block-column is-vertically-aligned-center is-layout-flow wp-block-column-is-layout-flow\">\n<p style=\"font-size:25px;\"><span class=\"altfont\">\u00abPassionate about fashion<\/span> and with experience as a Jacquard designer, I found it interesting to merge these two worlds: Fashion and fabrics of such amazing <span class=\"altfont\">tradition in \nValencia<\/span>, and our distinct identity, creating a handmade and yet contemporary product. Architecture, interior design, and art are my sources of inspiration, as I use linear volumes to create highly structured garments, always seeking the <span class=\"altfont\">visual cleanliness of the fabric\u00bb.<\/span> <br>\n<strong>Rosa, co-founder and creative director.<\/strong>\n<\/div>\n<\/div>\n<\/div><\/div>","protected":false},"excerpt":{"rendered":"<p>Nuestra colecci\u00f3n est\u00e1 compuesta por una serie de modelos que se pueden confeccionar con diferentes tejidos, dependiendo de las caracter\u00edsticas del patr\u00f3n, la dificultad del encarado y la ca\u00edda que requiere cada prenda.Confeccionamos nuestras prendas por encargo, aunque existe la posibilidad de encontrarlas previamente en nuestro Atelier. > Ver tienda Ofrecemos exclusividad con un n\u00famero &#8230; <a title=\"Atelier\" class=\"read-more\" href=\"https:\/\/yakaratelier.com\/en\/atelier\/\" aria-label=\"More on Atelier\">Read more<\/a><\/p>","protected":false},"author":1,"featured_media":0,"parent":0,"menu_order":0,"comment_status":"closed","ping_status":"closed","template":"","meta":{"_monsterinsights_skip_tracking":false,"_monsterinsights_sitenote_active":false,"_monsterinsights_sitenote_note":"","_monsterinsights_sitenote_category":0,"footnotes":""},"class_list":["post-108","page","type-page","status-publish"],"yoast_head":"<!-- This site is optimized with the Yoast SEO plugin v21.2 - https:\/\/yoast.com\/wordpress\/plugins\/seo\/ -->\n<title>Atelier - YAKAR Atelier<\/title>\n<meta name=\"description\" content=\"Atelier en Valencia. Creamos un producto artesanal y a la vez contempor\u00e1neo, con una identidad muy nuestra.\" \/>\n<meta name=\"robots\" content=\"index, follow, max-snippet:-1, max-image-preview:large, max-video-preview:-1\" \/>\n<link rel=\"canonical\" href=\"https:\/\/yakaratelier.com\/en\/atelier\/\" \/>\n<meta property=\"og:locale\" content=\"en_GB\" \/>\n<meta property=\"og:type\" content=\"article\" \/>\n<meta property=\"og:title\" content=\"Atelier - YAKAR Atelier\" \/>\n<meta property=\"og:description\" content=\"Atelier en Valencia. Creamos un producto artesanal y a la vez contempor\u00e1neo, con una identidad muy nuestra.\" \/>\n<meta property=\"og:url\" content=\"https:\/\/yakaratelier.com\/en\/atelier\/\" \/>\n<meta property=\"og:site_name\" content=\"YAKAR Atelier\" \/>\n<meta property=\"article:modified_time\" content=\"2024-07-02T08:00:23+00:00\" \/>\n<meta property=\"og:image\" content=\"https:\/\/yakaratelier.com\/wp-content\/uploads\/2024\/06\/BACON-STUDIO-2-scaled.jpg\" \/>\n<meta name=\"twitter:card\" content=\"summary_large_image\" \/>\n<meta name=\"twitter:label1\" content=\"Estimated reading time\" \/>\n\t<meta name=\"twitter:data1\" content=\"2 minutes\" \/>\n<script type=\"application\/ld+json\" class=\"yoast-schema-graph\">{\"@context\":\"https:\/\/schema.org\",\"@graph\":[{\"@type\":\"WebPage\",\"@id\":\"https:\/\/yakaratelier.com\/atelier\/\",\"url\":\"https:\/\/yakaratelier.com\/atelier\/\",\"name\":\"Atelier - YAKAR Atelier\",\"isPartOf\":{\"@id\":\"https:\/\/yakaratelier.com\/#website\"},\"datePublished\":\"2023-07-17T10:34:31+00:00\",\"dateModified\":\"2024-07-02T08:00:23+00:00\",\"description\":\"Atelier en Valencia. Creamos un producto artesanal y a la vez contempor\u00e1neo, con una identidad muy nuestra.\",\"breadcrumb\":{\"@id\":\"https:\/\/yakaratelier.com\/atelier\/#breadcrumb\"},\"inLanguage\":\"en-GB\",\"potentialAction\":[{\"@type\":\"ReadAction\",\"target\":[\"https:\/\/yakaratelier.com\/atelier\/\"]}]},{\"@type\":\"BreadcrumbList\",\"@id\":\"https:\/\/yakaratelier.com\/atelier\/#breadcrumb\",\"itemListElement\":[{\"@type\":\"ListItem\",\"position\":1,\"name\":\"Portada\",\"item\":\"https:\/\/yakaratelier.com\/\"},{\"@type\":\"ListItem\",\"position\":2,\"name\":\"Atelier\"}]},{\"@type\":\"WebSite\",\"@id\":\"https:\/\/yakaratelier.com\/#website\",\"url\":\"https:\/\/yakaratelier.com\/\",\"name\":\"YAKAR Atelier\",\"description\":\"YAKAR es tradici\u00f3n y renovaci\u00f3n\",\"publisher\":{\"@id\":\"https:\/\/yakaratelier.com\/#organization\"},\"alternateName\":\"Yakar Atelier\",\"potentialAction\":[{\"@type\":\"SearchAction\",\"target\":{\"@type\":\"EntryPoint\",\"urlTemplate\":\"https:\/\/yakaratelier.com\/?s={search_term_string}\"},\"query-input\":\"required name=search_term_string\"}],\"inLanguage\":\"en-GB\"},{\"@type\":\"Organization\",\"@id\":\"https:\/\/yakaratelier.com\/#organization\",\"name\":\"Yakar Atelier\",\"alternateName\":\"Yakar Atelier\",\"url\":\"https:\/\/yakaratelier.com\/\",\"logo\":{\"@type\":\"ImageObject\",\"inLanguage\":\"en-GB\",\"@id\":\"https:\/\/yakaratelier.com\/#\/schema\/logo\/image\/\",\"url\":\"https:\/\/yakaratelier.com\/wp-content\/uploads\/2023\/08\/cropped-LOGO-YAKAR-03.png\",\"contentUrl\":\"https:\/\/yakaratelier.com\/wp-content\/uploads\/2023\/08\/cropped-LOGO-YAKAR-03.png\",\"width\":4500,\"height\":1564,\"caption\":\"Yakar Atelier\"},\"image\":{\"@id\":\"https:\/\/yakaratelier.com\/#\/schema\/logo\/image\/\"}}]}<\/script>\n<!-- \/ Yoast SEO plugin. -->","yoast_head_json":{"title":"Atelier - YAKAR Atelier","description":"Atelier en Valencia. Creamos un producto artesanal y a la vez contempor\u00e1neo, con una identidad muy nuestra.","robots":{"index":"index","follow":"follow","max-snippet":"max-snippet:-1","max-image-preview":"max-image-preview:large","max-video-preview":"max-video-preview:-1"},"canonical":"https:\/\/yakaratelier.com\/en\/atelier\/","og_locale":"en_GB","og_type":"article","og_title":"Atelier - YAKAR Atelier","og_description":"Atelier en Valencia. Creamos un producto artesanal y a la vez contempor\u00e1neo, con una identidad muy nuestra.","og_url":"https:\/\/yakaratelier.com\/en\/atelier\/","og_site_name":"YAKAR Atelier","article_modified_time":"2024-07-02T08:00:23+00:00","og_image":[{"url":"https:\/\/yakaratelier.com\/wp-content\/uploads\/2024\/06\/BACON-STUDIO-2-scaled.jpg"}],"twitter_card":"summary_large_image","twitter_misc":{"Estimated reading time":"2 minutes"},"schema":{"@context":"https:\/\/schema.org","@graph":[{"@type":"WebPage","@id":"https:\/\/yakaratelier.com\/atelier\/","url":"https:\/\/yakaratelier.com\/atelier\/","name":"Atelier - YAKAR Atelier","isPartOf":{"@id":"https:\/\/yakaratelier.com\/#website"},"datePublished":"2023-07-17T10:34:31+00:00","dateModified":"2024-07-02T08:00:23+00:00","description":"Atelier en Valencia. Creamos un producto artesanal y a la vez contempor\u00e1neo, con una identidad muy nuestra.","breadcrumb":{"@id":"https:\/\/yakaratelier.com\/atelier\/#breadcrumb"},"inLanguage":"en-GB","potentialAction":[{"@type":"ReadAction","target":["https:\/\/yakaratelier.com\/atelier\/"]}]},{"@type":"BreadcrumbList","@id":"https:\/\/yakaratelier.com\/atelier\/#breadcrumb","itemListElement":[{"@type":"ListItem","position":1,"name":"Portada","item":"https:\/\/yakaratelier.com\/"},{"@type":"ListItem","position":2,"name":"Atelier"}]},{"@type":"WebSite","@id":"https:\/\/yakaratelier.com\/#website","url":"https:\/\/yakaratelier.com\/","name":"YAKAR Atelier","description":"YAKAR es tradici\u00f3n y renovaci\u00f3n","publisher":{"@id":"https:\/\/yakaratelier.com\/#organization"},"alternateName":"Yakar Atelier","potentialAction":[{"@type":"SearchAction","target":{"@type":"EntryPoint","urlTemplate":"https:\/\/yakaratelier.com\/?s={search_term_string}"},"query-input":"required name=search_term_string"}],"inLanguage":"en-GB"},{"@type":"Organization","@id":"https:\/\/yakaratelier.com\/#organization","name":"Yakar Atelier","alternateName":"Yakar Atelier","url":"https:\/\/yakaratelier.com\/","logo":{"@type":"ImageObject","inLanguage":"en-GB","@id":"https:\/\/yakaratelier.com\/#\/schema\/logo\/image\/","url":"https:\/\/yakaratelier.com\/wp-content\/uploads\/2023\/08\/cropped-LOGO-YAKAR-03.png","contentUrl":"https:\/\/yakaratelier.com\/wp-content\/uploads\/2023\/08\/cropped-LOGO-YAKAR-03.png","width":4500,"height":1564,"caption":"Yakar Atelier"},"image":{"@id":"https:\/\/yakaratelier.com\/#\/schema\/logo\/image\/"}}]}},"_links":{"self":[{"href":"https:\/\/yakaratelier.com\/en\/wp-json\/wp\/v2\/pages\/108","targetHints":{"allow":["GET"]}}],"collection":[{"href":"https:\/\/yakaratelier.com\/en\/wp-json\/wp\/v2\/pages"}],"about":[{"href":"https:\/\/yakaratelier.com\/en\/wp-json\/wp\/v2\/types\/page"}],"author":[{"embeddable":true,"href":"https:\/\/yakaratelier.com\/en\/wp-json\/wp\/v2\/users\/1"}],"replies":[{"embeddable":true,"href":"https:\/\/yakaratelier.com\/en\/wp-json\/wp\/v2\/comments?post=108"}],"version-history":[{"count":31,"href":"https:\/\/yakaratelier.com\/en\/wp-json\/wp\/v2\/pages\/108\/revisions"}],"predecessor-version":[{"id":2301,"href":"https:\/\/yakaratelier.com\/en\/wp-json\/wp\/v2\/pages\/108\/revisions\/2301"}],"wp:attachment":[{"href":"https:\/\/yakaratelier.com\/en\/wp-json\/wp\/v2\/media?parent=108"}],"curies":[{"name":"wp","href":"https:\/\/api.w.org\/{rel}","templated":true}]}}